{"id":176,"date":"2025-03-22T23:02:51","date_gmt":"2025-03-22T23:02:51","guid":{"rendered":"https:\/\/www.gracedgrains.com\/?page_id=176"},"modified":"2025-03-31T23:50:30","modified_gmt":"2025-03-31T21:50:30","slug":"products","status":"publish","type":"page","link":"https:\/\/gracedgrains.com\/fr\/products\/","title":{"rendered":"D\u00e9couvrez nos gourmandises"},"content":{"rendered":"<h1 class=\"wp-block-post-title\">D\u00e9couvrez nos gourmandises<\/h1>\n\n\n<div class=\"wp-block-group alignfull has-background-background-color has-background has-global-padding is-layout-constrained wp-container-core-group-is-layout-acf6ba7d wp-block-group-is-layout-constrained\" style=\"margin-top:0;margin-bottom:0;padding-top:var(--wp--preset--spacing--30);padding-right:10px;padding-bottom:var(--wp--preset--spacing--30);padding-left:10px\">\n<div class=\"wp-block-columns alignwide is-layout-flex wp-container-core-columns-is-layout-87beb0d0 wp-block-columns-is-layout-flex\">\n<div class=\"wp-block-column is-layout-flow wp-block-column-is-layout-flow\">\n<div class=\"wp-block-columns are-vertically-aligned-center is-not-stacked-on-mobile has-tertiary-background-color has-background is-layout-flex wp-container-core-columns-is-layout-7d46f22e wp-block-columns-is-layout-flex\" style=\"border-radius:1rem;padding-top:20px;padding-right:20px;padding-bottom:20px;padding-left:20px\">\n<div class=\"wp-block-column is-vertically-aligned-center is-layout-flow wp-block-column-is-layout-flow\" style=\"flex-basis:27%\">\n<figure class=\"wp-block-image ext-aspect-landscape extendify-image-import is-style-rounded\"><a href=\"\/fr\/cakes\/\" target=\"_blank\" rel=\" noreferrer noopener\"><img loading=\"lazy\" decoding=\"async\" width=\"1080\" height=\"1620\" src=\"https:\/\/www.gracedgrains.com\/wp-content\/uploads\/2025\/03\/image-14.jpg\" alt=\"\" class=\"wp-image-178\" style=\"aspect-ratio:1;object-fit:cover\" srcset=\"https:\/\/gracedgrains.com\/wp-content\/uploads\/2025\/03\/image-14.jpg 1080w, https:\/\/gracedgrains.com\/wp-content\/uploads\/2025\/03\/image-14-200x300.jpg 200w, https:\/\/gracedgrains.com\/wp-content\/uploads\/2025\/03\/image-14-683x1024.jpg 683w, https:\/\/gracedgrains.com\/wp-content\/uploads\/2025\/03\/image-14-768x1152.jpg 768w, https:\/\/gracedgrains.com\/wp-content\/uploads\/2025\/03\/image-14-1024x1536.jpg 1024w, https:\/\/gracedgrains.com\/wp-content\/uploads\/2025\/03\/image-14-600x900.jpg 600w\" sizes=\"auto, (max-width: 1080px) 100vw, 1080px\" \/><\/a><\/figure>\n<\/div>\n\n\n\n<div class=\"wp-block-column is-vertically-aligned-center is-layout-flow wp-block-column-is-layout-flow\" style=\"flex-basis:66.66%\">\n<div class=\"wp-block-group is-content-justification-space-between is-layout-flex wp-container-core-group-is-layout-cba2a4a7 wp-block-group-is-layout-flex\">\n<h3 class=\"wp-block-heading\" style=\"font-size:clamp(14px, 0.875rem + ((1vw - 3.2px) * 0.625), 20px);line-height:1.5\"><a href=\"https:\/\/gracedgrains.com\/fr\/cakes\/\" data-type=\"page\" data-id=\"218\">G\u00e2teaux<\/a><\/h3>\n\n\n\n<p style=\"font-size:clamp(14px, 0.875rem + ((1vw - 3.2px) * 0.625), 20px);\">\u00e0 partir de CHF 20<\/p>\n<\/div>\n\n\n\n<p class=\"has-small-font-size\" style=\"margin-top:12px\">Choisissez la taille, la forme et la saveur pour l&#039;effet wow! que vous recherchez !<\/p>\n<\/div>\n<\/div>\n<\/div>\n<\/div>\n\n\n\n<div class=\"wp-block-columns alignwide is-layout-flex wp-container-core-columns-is-layout-87beb0d0 wp-block-columns-is-layout-flex\">\n<div class=\"wp-block-column is-layout-flow wp-block-column-is-layout-flow\">\n<div class=\"wp-block-columns are-vertically-aligned-center is-not-stacked-on-mobile has-tertiary-background-color has-background is-layout-flex wp-container-core-columns-is-layout-7509c3d7 wp-block-columns-is-layout-flex\" style=\"border-radius:1rem;padding-top:20px;padding-right:20px;padding-bottom:20px;padding-left:20px\">\n<div class=\"wp-block-column is-vertically-aligned-center is-layout-flow wp-block-column-is-layout-flow\" style=\"flex-basis:27%\">\n<figure class=\"wp-block-image ext-aspect-landscape is-style-rounded extendify-image-import\"><a href=\"\/fr\/tarts\/\"><img loading=\"lazy\" decoding=\"async\" width=\"1080\" height=\"1620\" src=\"https:\/\/www.gracedgrains.com\/wp-content\/uploads\/2025\/03\/image-15.jpg\" alt=\"\" class=\"wp-image-179\" style=\"aspect-ratio:1;object-fit:cover\" srcset=\"https:\/\/gracedgrains.com\/wp-content\/uploads\/2025\/03\/image-15.jpg 1080w, https:\/\/gracedgrains.com\/wp-content\/uploads\/2025\/03\/image-15-200x300.jpg 200w, https:\/\/gracedgrains.com\/wp-content\/uploads\/2025\/03\/image-15-683x1024.jpg 683w, https:\/\/gracedgrains.com\/wp-content\/uploads\/2025\/03\/image-15-768x1152.jpg 768w, https:\/\/gracedgrains.com\/wp-content\/uploads\/2025\/03\/image-15-1024x1536.jpg 1024w, https:\/\/gracedgrains.com\/wp-content\/uploads\/2025\/03\/image-15-600x900.jpg 600w\" sizes=\"auto, (max-width: 1080px) 100vw, 1080px\" \/><\/a><\/figure>\n<\/div>\n\n\n\n<div class=\"wp-block-column is-vertically-aligned-center is-layout-flow wp-block-column-is-layout-flow\" style=\"flex-basis:66.66%\">\n<div class=\"wp-block-group is-content-justification-space-between is-layout-flex wp-container-core-group-is-layout-cba2a4a7 wp-block-group-is-layout-flex\">\n<h3 class=\"wp-block-heading\" style=\"font-size:clamp(14px, 0.875rem + ((1vw - 3.2px) * 0.625), 20px);line-height:1.5\"><a href=\"https:\/\/gracedgrains.com\/fr\/tarts\/\" data-type=\"page\" data-id=\"221\">Tartes<\/a><\/h3>\n\n\n\n<p style=\"font-size:clamp(14px, 0.875rem + ((1vw - 3.2px) * 0.625), 20px);\">\u00e0 partir de CHF 14,50<\/p>\n<\/div>\n\n\n\n<p class=\"has-small-font-size\" style=\"margin-top:12px\">Fruit\u00e9, cr\u00e9meux ou les deux\u00a0?! Vous pouvez tout avoir\u00a0!<\/p>\n<\/div>\n<\/div>\n<\/div>\n<\/div>\n\n\n\n<div class=\"wp-block-columns alignwide is-layout-flex wp-container-core-columns-is-layout-87beb0d0 wp-block-columns-is-layout-flex\">\n<div class=\"wp-block-column is-layout-flow wp-block-column-is-layout-flow\">\n<div class=\"wp-block-columns are-vertically-aligned-center is-not-stacked-on-mobile has-tertiary-background-color has-background is-layout-flex wp-container-core-columns-is-layout-621e7bb3 wp-block-columns-is-layout-flex\" style=\"border-radius:1rem;padding-top:20px;padding-right:20px;padding-bottom:20px;padding-left:20px\">\n<div class=\"wp-block-column is-vertically-aligned-center is-layout-flow wp-block-column-is-layout-flow\" style=\"flex-basis:27%\">\n<figure class=\"wp-block-image ext-aspect-landscape is-style-rounded extendify-image-import\"><a href=\"\/fr\/cupcakes\/\"><img loading=\"lazy\" decoding=\"async\" width=\"1080\" height=\"1618\" src=\"https:\/\/www.gracedgrains.com\/wp-content\/uploads\/2025\/03\/image-16.jpg\" alt=\"\" class=\"wp-image-180\" style=\"aspect-ratio:1;object-fit:cover\" srcset=\"https:\/\/gracedgrains.com\/wp-content\/uploads\/2025\/03\/image-16.jpg 1080w, https:\/\/gracedgrains.com\/wp-content\/uploads\/2025\/03\/image-16-200x300.jpg 200w, https:\/\/gracedgrains.com\/wp-content\/uploads\/2025\/03\/image-16-684x1024.jpg 684w, https:\/\/gracedgrains.com\/wp-content\/uploads\/2025\/03\/image-16-768x1151.jpg 768w, https:\/\/gracedgrains.com\/wp-content\/uploads\/2025\/03\/image-16-1025x1536.jpg 1025w, https:\/\/gracedgrains.com\/wp-content\/uploads\/2025\/03\/image-16-600x899.jpg 600w\" sizes=\"auto, (max-width: 1080px) 100vw, 1080px\" \/><\/a><\/figure>\n<\/div>\n\n\n\n<div class=\"wp-block-column is-vertically-aligned-center is-layout-flow wp-block-column-is-layout-flow\" style=\"flex-basis:66.66%\">\n<div class=\"wp-block-group is-content-justification-space-between is-layout-flex wp-container-core-group-is-layout-cba2a4a7 wp-block-group-is-layout-flex\">\n<h3 class=\"wp-block-heading\" style=\"font-size:clamp(14px, 0.875rem + ((1vw - 3.2px) * 0.625), 20px);line-height:1.5\"><a href=\"https:\/\/gracedgrains.com\/fr\/cupcakes\/\" data-type=\"link\" data-id=\"https:\/\/gracedgrains.com\/cupcakes\/\">Cupcakes<\/a><\/h3>\n\n\n\n<p style=\"font-size:clamp(14px, 0.875rem + ((1vw - 3.2px) * 0.625), 20px);\">\u00e0 partir de CHF 9<\/p>\n<\/div>\n\n\n\n<p class=\"has-small-font-size\" style=\"margin-top:12px\">Amusant \u00e0 r\u00e9aliser et amusant \u00e0 exposer lors de votre \u00e9v\u00e9nement\u00a0! <\/p>\n<\/div>\n<\/div>\n\n\n\n<div class=\"wp-block-columns are-vertically-aligned-center is-not-stacked-on-mobile has-tertiary-background-color has-background is-layout-flex wp-container-core-columns-is-layout-621e7bb3 wp-block-columns-is-layout-flex\" style=\"border-radius:1rem;padding-top:20px;padding-right:20px;padding-bottom:20px;padding-left:20px\">\n<div class=\"wp-block-column is-vertically-aligned-center is-layout-flow wp-block-column-is-layout-flow\" style=\"flex-basis:27%\">\n<figure class=\"wp-block-image ext-aspect-landscape is-style-rounded extendify-image-import\"><a href=\"\/fr\/special-requests\/\"><img loading=\"lazy\" decoding=\"async\" width=\"1080\" height=\"1815\" src=\"https:\/\/www.gracedgrains.com\/wp-content\/uploads\/2025\/03\/image-17.jpg\" alt=\"\" class=\"wp-image-181\" style=\"aspect-ratio:1;object-fit:cover\" srcset=\"https:\/\/gracedgrains.com\/wp-content\/uploads\/2025\/03\/image-17.jpg 1080w, https:\/\/gracedgrains.com\/wp-content\/uploads\/2025\/03\/image-17-179x300.jpg 179w, https:\/\/gracedgrains.com\/wp-content\/uploads\/2025\/03\/image-17-609x1024.jpg 609w, https:\/\/gracedgrains.com\/wp-content\/uploads\/2025\/03\/image-17-768x1291.jpg 768w, https:\/\/gracedgrains.com\/wp-content\/uploads\/2025\/03\/image-17-914x1536.jpg 914w, https:\/\/gracedgrains.com\/wp-content\/uploads\/2025\/03\/image-17-600x1008.jpg 600w\" sizes=\"auto, (max-width: 1080px) 100vw, 1080px\" \/><\/a><\/figure>\n<\/div>\n\n\n\n<div class=\"wp-block-column is-vertically-aligned-center is-layout-flow wp-block-column-is-layout-flow\" style=\"flex-basis:66.66%\">\n<div class=\"wp-block-group is-content-justification-space-between is-layout-flex wp-container-core-group-is-layout-cba2a4a7 wp-block-group-is-layout-flex\">\n<h3 class=\"wp-block-heading\" style=\"font-size:clamp(14px, 0.875rem + ((1vw - 3.2px) * 0.625), 20px);line-height:1.5\"><a href=\"\/fr\/special-requests\/\">Soyons cr\u00e9atifs<\/a><\/h3>\n\n\n\n<p style=\"font-size:clamp(14px, 0.875rem + ((1vw - 3.2px) * 0.625), 20px);\">prix sur demande<\/p>\n<\/div>\n\n\n\n<p class=\"has-small-font-size\" style=\"margin-top:12px\">Vous avez une demande particuli\u00e8re, sucr\u00e9e ou sal\u00e9e\u00a0? Vous organisez un \u00e9v\u00e9nement sp\u00e9cial et recherchez un traiteur\u00a0? <a href=\"https:\/\/gracedgrains.com\/fr\/contact-us\/\" data-type=\"page\" data-id=\"200\">Contactez-nous<\/a> et nous vous livrerons la solution parfaite !<\/p>\n<\/div>\n<\/div>\n<\/div>\n<\/div>\n<\/div>\n\n\n\n<p>Notre liste compl\u00e8te de prix est disponible <a href=\"\/fr\/pricing\/\">ici<\/a>.<\/p>","protected":false},"excerpt":{"rendered":"<p>Cakes starting at CHF 20 Choose size, shape and flavor for the wow! effect you&#8217;re looking for! Tarts starting at CHF 14,50 Fruity, creamy or both?! You can have them all! Cupcakes starting at CHF 9 Fun to make and fun to display at your event! Let&#8217;s get creative price upon request Do you have [&hellip;]<\/p>\n","protected":false},"author":1,"featured_media":0,"parent":0,"menu_order":2,"comment_status":"closed","ping_status":"closed","template":"","meta":{"footnotes":""},"class_list":["post-176","page","type-page","status-publish","hentry"],"jetpack_sharing_enabled":true,"_links":{"self":[{"href":"https:\/\/gracedgrains.com\/fr\/wp-json\/wp\/v2\/pages\/176","targetHints":{"allow":["GET"]}}],"collection":[{"href":"https:\/\/gracedgrains.com\/fr\/wp-json\/wp\/v2\/pages"}],"about":[{"href":"https:\/\/gracedgrains.com\/fr\/wp-json\/wp\/v2\/types\/page"}],"author":[{"embeddable":true,"href":"https:\/\/gracedgrains.com\/fr\/wp-json\/wp\/v2\/users\/1"}],"replies":[{"embeddable":true,"href":"https:\/\/gracedgrains.com\/fr\/wp-json\/wp\/v2\/comments?post=176"}],"version-history":[{"count":16,"href":"https:\/\/gracedgrains.com\/fr\/wp-json\/wp\/v2\/pages\/176\/revisions"}],"predecessor-version":[{"id":583,"href":"https:\/\/gracedgrains.com\/fr\/wp-json\/wp\/v2\/pages\/176\/revisions\/583"}],"wp:attachment":[{"href":"https:\/\/gracedgrains.com\/fr\/wp-json\/wp\/v2\/media?parent=176"}],"curies":[{"name":"wp","href":"https:\/\/api.w.org\/{rel}","templated":true}]}}