{"id":218,"date":"2025-03-24T16:23:37","date_gmt":"2025-03-24T15:23:37","guid":{"rendered":"https:\/\/gracedgrains.com\/?page_id=218"},"modified":"2025-04-01T23:14:28","modified_gmt":"2025-04-01T21:14:28","slug":"cakes","status":"publish","type":"page","link":"https:\/\/gracedgrains.com\/fr\/products\/cakes\/","title":{"rendered":"G\u00e2teaux"},"content":{"rendered":"<div class=\"wp-block-group has-global-padding is-layout-constrained wp-block-group-is-layout-constrained\">\n<h1 class=\"wp-block-heading\">Une tranche de joie<\/h1>\n\n\n\n<figure class=\"wp-block-image size-large\"><img loading=\"lazy\" decoding=\"async\" width=\"683\" height=\"1024\" src=\"https:\/\/gracedgrains.com\/wp-content\/uploads\/2025\/03\/image-36-683x1024.jpg\" alt=\"\" class=\"wp-image-415\" srcset=\"https:\/\/gracedgrains.com\/wp-content\/uploads\/2025\/03\/image-36-683x1024.jpg 683w, https:\/\/gracedgrains.com\/wp-content\/uploads\/2025\/03\/image-36-200x300.jpg 200w, https:\/\/gracedgrains.com\/wp-content\/uploads\/2025\/03\/image-36-768x1152.jpg 768w, https:\/\/gracedgrains.com\/wp-content\/uploads\/2025\/03\/image-36-1024x1536.jpg 1024w, https:\/\/gracedgrains.com\/wp-content\/uploads\/2025\/03\/image-36-600x900.jpg 600w, https:\/\/gracedgrains.com\/wp-content\/uploads\/2025\/03\/image-36.jpg 1080w\" sizes=\"auto, (max-width: 683px) 100vw, 683px\" \/><\/figure>\n\n\n\n<h2 class=\"wp-block-heading\">Qu&#039;est-ce qu&#039;un g\u00e2teau ?<\/h2>\n\n\n\n<p>Un g\u00e2teau est un dessert cuit au four, g\u00e9n\u00e9ralement compos\u00e9 de farine, de sucre, d&#039;\u0153ufs et de beurre ou d&#039;huile, souvent lev\u00e9 avec de la levure chimique ou du bicarbonate de soude. Les g\u00e2teaux sont des cr\u00e9ations polyvalentes qui peuvent \u00eatre superpos\u00e9es, glac\u00e9es, garnies ou d\u00e9cor\u00e9es pour s&#039;adapter \u00e0 toutes les occasions, des anniversaires aux mariages, en passant par toutes les occasions interm\u00e9diaires.<\/p>\n\n\n\n<h2 class=\"wp-block-heading\">Une douce histoire<\/h2>\n\n\n\n<p>Les g\u00e2teaux existent depuis des si\u00e8cles ! Les premiers \u00e9taient plut\u00f4t du pain sucr\u00e9 au miel. Au XVIIe si\u00e8cle, les progr\u00e8s des techniques de p\u00e2tisserie ont donn\u00e9 naissance aux g\u00e2teaux l\u00e9gers et moelleux que nous connaissons aujourd&#039;hui. Anecdote : la tradition du g\u00e2teau d&#039;anniversaire remonte \u00e0 la Gr\u00e8ce antique, o\u00f9 des g\u00e2teaux ronds \u00e9taient offerts \u00e0 Art\u00e9mis, la d\u00e9esse de la lune.<\/p>\n\n\n\n<p>Parce que votre g\u00e2teau par graceDgrains est fait sur commande et qu&#039;il n&#039;y a pas de g\u00e2teau pareil \u00e0 un autre, tous les \u00e9l\u00e9ments ci-dessous sont personnalisables. <a href=\"https:\/\/gracedgrains.com\/fr\/contact-us\/\" data-type=\"page\" data-id=\"200\">Contactez-nous<\/a> pour concevoir votre g\u00e2teau unique : nous vous guiderons dans le choix de ce qui vous convient le mieux ou vous pourrez partager un mod\u00e8le d&#039;inspiration \u00e0 reproduire.<\/p>\n\n\n\n<h2 class=\"wp-block-heading\">Base de g\u00e2teau <\/h2>\n\n\n\n<p>La base du g\u00e2teau constitue le c\u0153ur de chaque g\u00e2teau, r\u00e9alis\u00e9e \u00e0 partir d&#039;une p\u00e2te soigneusement s\u00e9lectionn\u00e9e qui d\u00e9termine son nom et sa texture. Chez graceDgrains, nous sommes fiers de pr\u00e9senter le Chiffon Cake comme notre choix signature\u00a0: un chef-d&#039;\u0153uvre l\u00e9ger et a\u00e9rien qui offre la stabilit\u00e9 id\u00e9ale pour \u00eatre empil\u00e9, tout en conservant une texture d\u00e9licate et fondante. Contrairement aux alternatives denses, il \u00e9vite l&#039;effet \u00ab\u00a0brique\u00a0\u00bb peu attrayant et se marie parfaitement \u00e0 n&#039;importe quelle garniture pour un \u00e9quilibre parfait entre saveur et texture. Fid\u00e8les \u00e0 notre philosophie d&#039;ingr\u00e9dients sains, nous privil\u00e9gions les saveurs et les colorants naturels, proposant des classiques intemporels comme la vanille et le chocolat riche comme options incontournables. Chaque base est soigneusement compos\u00e9e et garnie, pour une exp\u00e9rience gourmande \u00e0 chaque bouch\u00e9e.<\/p>\n<\/div>\n\n\n\n<div class=\"wp-block-columns is-layout-flex wp-container-core-columns-is-layout-28f84493 wp-block-columns-is-layout-flex\">\n<div class=\"wp-block-column is-layout-flow wp-block-column-is-layout-flow\" style=\"flex-basis:100%\">\n<h2 class=\"wp-block-heading\">Garniture de g\u00e2teau<\/h2>\n<\/div>\n<\/div>\n\n\n\n<div class=\"wp-block-group is-vertical is-layout-flex wp-container-core-group-is-layout-fe9cc265 wp-block-group-is-layout-flex\">\n<p>R\u00e9galez-vous d&#039;options telles que la ganache au chocolat cr\u00e9meuse, la confiture de framboises acidul\u00e9e, la cr\u00e8me anglaise \u00e0 la vanille onctueuse ou le caramel sal\u00e9 d\u00e9cadent, ou notre favori de tous les temps : la cr\u00e8me diplomate.<\/p>\n<\/div>\n\n\n\n<h2 class=\"wp-block-heading\">Gla\u00e7age de g\u00e2teau<\/h2>\n\n\n\n<p>Terminez votre g\u00e2teau avec une ganache au chocolat, un gla\u00e7age \u00e0 la cr\u00e8me au beurre (vanille ou chocolat), de la cr\u00e8me fouett\u00e9e, du fondant pour des motifs \u00e9l\u00e9gants ou un gla\u00e7age au fromage \u00e0 la cr\u00e8me pour une touche acidul\u00e9e.<\/p>\n\n\n\n<h2 class=\"wp-block-heading\">D\u00e9coration de g\u00e2teau<\/h2>\n\n\n\n<p>C&#039;est la partie amusante ! La d\u00e9coration des g\u00e2teaux est essentielle pour cr\u00e9er des desserts visuellement \u00e9poustouflants. Il existe d&#039;innombrables fa\u00e7ons de sublimer le dessus d&#039;un g\u00e2teau gr\u00e2ce \u00e0 diverses techniques et mat\u00e9riaux. La poche \u00e0 douille est l&#039;une des m\u00e9thodes les plus populaires, o\u00f9 la cr\u00e8me au beurre ou le gla\u00e7age royal sont utilis\u00e9s pour cr\u00e9er des motifs complexes tels que des bordures, des fleurs, des volutes ou des motifs \u00e9l\u00e9gants. <\/p>\n\n\n\n<p>Le fondant offre une autre option polyvalente pour la d\u00e9coration de g\u00e2teaux. Il peut \u00eatre \u00e9tal\u00e9 et fa\u00e7onn\u00e9 en de magnifiques motifs tels que des n\u0153uds, des rubans, des figurines ou des \u00e9l\u00e9ments th\u00e9matiques. Il peut \u00e9galement recouvrir enti\u00e8rement le g\u00e2teau, cr\u00e9ant ainsi une base lisse pour des d\u00e9corations suppl\u00e9mentaires. Des outils de sculpture ou d&#039;embossage permettent d&#039;ajouter de la texture ou des d\u00e9tails complexes aux d\u00e9corations en fondant.<\/p>\n\n\n\n<p>D&#039;autres \u00e9l\u00e9ments d\u00e9coratifs incluent des fleurs comestibles en p\u00e2te \u00e0 sucre, des formes en chocolat, des bonbons ou m\u00eame des fruits frais pour une touche naturelle et color\u00e9e. Des vermicelles, des paillettes ou des perles comestibles peuvent cr\u00e9er un look festif, tandis que des pochoirs peuvent \u00eatre utilis\u00e9s avec du sucre glace ou du cacao pour une finition raffin\u00e9e.<\/p>\n\n\n\n<p>Faites-nous savoir \u00e0 quoi vous aimeriez que votre g\u00e2teau ressemble ou <a href=\"\/fr\/contact-us\/\">contactez-nous<\/a> Si vous h\u00e9sitez entre toutes les options, n&#039;h\u00e9sitez pas \u00e0 nous contacter\u00a0! Nous serons ravis de vous guider dans le choix du design id\u00e9al pour votre \u00e9v\u00e9nement.<\/p>\n\n\n\n<h2 class=\"wp-block-heading\">Taille et portions du g\u00e2teau<\/h2>\n\n\n\n<p>Les g\u00e2teaux de graceDgrains sont disponibles dans les tailles suivantes :<\/p>\n\n\n\n<ul class=\"wp-block-list\">\n<li>10 cm \u2013 nos g\u00e2teaux Bento les plus mignons !, pour 1 \u00e0 2 personnes<\/li>\n\n\n\n<li>15 cm, pour 6 \u00e0 8 personnes<\/li>\n\n\n\n<li>20 cm, pour 12 \u00e0 16 personnes<\/li>\n\n\n\n<li>25 cm, pour 18 \u00e0 26 personnes<\/li>\n\n\n\n<li>30 cm ou 15 + 20 cm, pour 28 \u00e0 40 personnes<\/li>\n<\/ul>\n\n\n\n<h2 class=\"wp-block-heading\">Forme de g\u00e2teau<\/h2>\n\n\n\n<p>La taille la plus traditionnelle est ronde, mais nous pouvons r\u00e9aliser des carr\u00e9s, des rectangulaires, des c\u0153urs et des ovales.<\/p>\n\n\n\n<h2 class=\"wp-block-heading\">Couches et \u00e9tages du g\u00e2teau<\/h2>\n\n\n\n<p>Selon la taille du g\u00e2teau, nous proposons au moins une couche (tous nos g\u00e2teaux sont garnis) et jusqu&#039;\u00e0 quatre. Nous vous conseillerons sur la meilleure option en fonction de la taille, de la forme et des saveurs de votre choix\u00a0!<\/p>\n\n\n\n<p>Vous pouvez \u00e9galement choisir des g\u00e2teaux \u00e0 plusieurs \u00e9tages, de deux \u00e0 quatre \u00e9tages, selon la taille du g\u00e2teau.<\/p>","protected":false},"excerpt":{"rendered":"<p>A Slice of Joy What is Cake? A cake is a baked dessert typically made from flour, sugar, eggs, and butter or oil, often leavened with baking powder or baking soda. Cakes are versatile creations that can be layered, frosted, filled, or decorated to suit any occasion &#8211; from birthdays to weddings and everything in [&hellip;]<\/p>\n","protected":false},"author":1,"featured_media":415,"parent":176,"menu_order":3,"comment_status":"closed","ping_status":"closed","template":"","meta":{"footnotes":""},"class_list":["post-218","page","type-page","status-publish","has-post-thumbnail","hentry"],"jetpack_sharing_enabled":true,"_links":{"self":[{"href":"https:\/\/gracedgrains.com\/fr\/wp-json\/wp\/v2\/pages\/218","targetHints":{"allow":["GET"]}}],"collection":[{"href":"https:\/\/gracedgrains.com\/fr\/wp-json\/wp\/v2\/pages"}],"about":[{"href":"https:\/\/gracedgrains.com\/fr\/wp-json\/wp\/v2\/types\/page"}],"author":[{"embeddable":true,"href":"https:\/\/gracedgrains.com\/fr\/wp-json\/wp\/v2\/users\/1"}],"replies":[{"embeddable":true,"href":"https:\/\/gracedgrains.com\/fr\/wp-json\/wp\/v2\/comments?post=218"}],"version-history":[{"count":21,"href":"https:\/\/gracedgrains.com\/fr\/wp-json\/wp\/v2\/pages\/218\/revisions"}],"predecessor-version":[{"id":563,"href":"https:\/\/gracedgrains.com\/fr\/wp-json\/wp\/v2\/pages\/218\/revisions\/563"}],"up":[{"embeddable":true,"href":"https:\/\/gracedgrains.com\/fr\/wp-json\/wp\/v2\/pages\/176"}],"wp:featuredmedia":[{"embeddable":true,"href":"https:\/\/gracedgrains.com\/fr\/wp-json\/wp\/v2\/media\/415"}],"wp:attachment":[{"href":"https:\/\/gracedgrains.com\/fr\/wp-json\/wp\/v2\/media?parent=218"}],"curies":[{"name":"wp","href":"https:\/\/api.w.org\/{rel}","templated":true}]}}