{"id":221,"date":"2025-03-24T16:24:44","date_gmt":"2025-03-24T15:24:44","guid":{"rendered":"https:\/\/gracedgrains.com\/?page_id=221"},"modified":"2025-04-01T23:35:12","modified_gmt":"2025-04-01T21:35:12","slug":"tarts","status":"publish","type":"page","link":"https:\/\/gracedgrains.com\/fr\/products\/tarts\/","title":{"rendered":"Tartes"},"content":{"rendered":"<h1 class=\"wp-block-heading\">Tartes<\/h1>\n\n\n\n<p>Une tarte est une p\u00e2tisserie \u00e0 la cro\u00fbte croustillante et \u00e0 la partie sup\u00e9rieure ouverte, garnie d&#039;ingr\u00e9dients sucr\u00e9s ou sal\u00e9s. Contrairement aux tourtes, les tartes ont g\u00e9n\u00e9ralement une cro\u00fbte peu profonde et sont r\u00e9put\u00e9es pour leur pr\u00e9sentation raffin\u00e9e.<\/p>\n\n\n\n<h2 class=\"wp-block-heading\">Un peu d&#039;histoire<\/h2>\n\n\n\n<p>Les tartes sont n\u00e9es dans l&#039;Europe m\u00e9di\u00e9vale, un moyen de mettre en valeur des ingr\u00e9dients frais dans un contenant comestible. Le mot \u00ab\u00a0tarte\u00a0\u00bb vient du fran\u00e7ais \u00ab\u00a0tarte\u00a0\u00bb, qui signifie tout simplement tarte. Saviez-vous que les tartes aux fruits sont devenues populaires \u00e0 la Renaissance, gr\u00e2ce aux chefs qui exp\u00e9rimentaient des d\u00e9corations culinaires color\u00e9es et artistiques\u00a0?<\/p>\n\n\n\n<figure class=\"wp-block-image size-full\"><img loading=\"lazy\" decoding=\"async\" width=\"1039\" height=\"1300\" src=\"https:\/\/gracedgrains.com\/wp-content\/uploads\/2025\/03\/pexels-photo-10976430.jpeg\" alt=\"lemon and blueberries on cheesecake\" class=\"wp-image-426\" srcset=\"https:\/\/gracedgrains.com\/wp-content\/uploads\/2025\/03\/pexels-photo-10976430.jpeg 1039w, https:\/\/gracedgrains.com\/wp-content\/uploads\/2025\/03\/pexels-photo-10976430-240x300.jpeg 240w, https:\/\/gracedgrains.com\/wp-content\/uploads\/2025\/03\/pexels-photo-10976430-818x1024.jpeg 818w, https:\/\/gracedgrains.com\/wp-content\/uploads\/2025\/03\/pexels-photo-10976430-768x961.jpeg 768w\" sizes=\"auto, (max-width: 1039px) 100vw, 1039px\" \/><\/figure>\n\n\n\n<h2 class=\"wp-block-heading\">Cro\u00fbte de tarte<\/h2>\n\n\n\n<p>Choisissez entre une p\u00e2te bris\u00e9e au beurre ou une cro\u00fbte aux amandes sans gluten.<\/p>\n\n\n\n<h2 class=\"wp-block-heading\">Garniture de tarte<\/h2>\n\n\n\n<p>Laissez-vous tenter par des options comme la cr\u00e8me au citron soyeuse, la cr\u00e8me anglaise cr\u00e9meuse \u00e0 la vanille garnie de fruits frais, la riche ganache au chocolat ou la frangipane aux noix.<\/p>\n\n\n\n<h2 class=\"wp-block-heading\">Garniture de tarte<\/h2>\n\n\n\n<p>Ajoutez une touche de style avec des fruits de saison, des noix grill\u00e9es, des tourbillons de cr\u00e8me fouett\u00e9e ou des fleurs comestibles pour une touche de beaut\u00e9 suppl\u00e9mentaire.<\/p>\n\n\n\n<h2 class=\"wp-block-heading\">Taille et portions de la tarte<\/h2>\n\n\n\n<p>Les tartelettes de graceDgrains sont disponibles en trois tailles :<\/p>\n\n\n\n<ul class=\"wp-block-list\">\n<li>Petit : 9-10 cm, pour 1 \u00e0 2 personnes<\/li>\n\n\n\n<li>Moyen : 20-23 cm, pour 6 \u00e0 8 personnes<\/li>\n\n\n\n<li>Grand : 25-28 cm, 8-10 personnes <\/li>\n<\/ul>","protected":false},"excerpt":{"rendered":"<p>Tarts A tart is a pastry with a crisp crust and an open top filled with sweet or savory ingredients. Unlike pies, tarts typically have a shallow crust and are known for their sophisticated presentation. A Bite of History Tarts originated in medieval Europe as a way to showcase fresh ingredients in an edible container. [&hellip;]<\/p>\n","protected":false},"author":1,"featured_media":426,"parent":176,"menu_order":4,"comment_status":"closed","ping_status":"closed","template":"","meta":{"footnotes":""},"class_list":["post-221","page","type-page","status-publish","has-post-thumbnail","hentry"],"jetpack_sharing_enabled":true,"_links":{"self":[{"href":"https:\/\/gracedgrains.com\/fr\/wp-json\/wp\/v2\/pages\/221","targetHints":{"allow":["GET"]}}],"collection":[{"href":"https:\/\/gracedgrains.com\/fr\/wp-json\/wp\/v2\/pages"}],"about":[{"href":"https:\/\/gracedgrains.com\/fr\/wp-json\/wp\/v2\/types\/page"}],"author":[{"embeddable":true,"href":"https:\/\/gracedgrains.com\/fr\/wp-json\/wp\/v2\/users\/1"}],"replies":[{"embeddable":true,"href":"https:\/\/gracedgrains.com\/fr\/wp-json\/wp\/v2\/comments?post=221"}],"version-history":[{"count":5,"href":"https:\/\/gracedgrains.com\/fr\/wp-json\/wp\/v2\/pages\/221\/revisions"}],"predecessor-version":[{"id":427,"href":"https:\/\/gracedgrains.com\/fr\/wp-json\/wp\/v2\/pages\/221\/revisions\/427"}],"up":[{"embeddable":true,"href":"https:\/\/gracedgrains.com\/fr\/wp-json\/wp\/v2\/pages\/176"}],"wp:featuredmedia":[{"embeddable":true,"href":"https:\/\/gracedgrains.com\/fr\/wp-json\/wp\/v2\/media\/426"}],"wp:attachment":[{"href":"https:\/\/gracedgrains.com\/fr\/wp-json\/wp\/v2\/media?parent=221"}],"curies":[{"name":"wp","href":"https:\/\/api.w.org\/{rel}","templated":true}]}}