{"id":226,"date":"2025-03-24T16:28:05","date_gmt":"2025-03-24T15:28:05","guid":{"rendered":"https:\/\/gracedgrains.com\/?page_id=226"},"modified":"2025-04-01T23:35:38","modified_gmt":"2025-04-01T21:35:38","slug":"cupcakes","status":"publish","type":"page","link":"https:\/\/gracedgrains.com\/fr\/products\/cupcakes\/","title":{"rendered":"Cupcakes"},"content":{"rendered":"<h1 class=\"wp-block-heading\">Cupcakes<\/h1>\n\n\n\n<p>Les cupcakes sont des g\u00e2teaux individuels cuits dans de petits moules en carton et garnis de gla\u00e7age ou de d\u00e9corations. Parfaits pour les f\u00eates ou pour un plaisir quotidien, ils sont aussi amusants \u00e0 pr\u00e9parer qu&#039;\u00e0 d\u00e9guster\u00a0!<\/p>\n\n\n\n<h2 class=\"wp-block-heading\">De petites gourmandises charg\u00e9es d&#039;histoire<\/h2>\n\n\n\n<p>Les cupcakes sont apparus pour la premi\u00e8re fois dans les livres de cuisine am\u00e9ricains \u00e0 la fin du XVIIIe si\u00e8cle. On les appelait \u00e0 l&#039;origine \u00ab\u00a0number cakes\u00a0\u00bb car leurs recettes \u00e9taient mesur\u00e9es par des chiffres (par exemple, une tasse de beurre). Ils sont devenus extr\u00eamement populaires gr\u00e2ce \u00e0 leur c\u00f4t\u00e9 pratique et leur charme. Saviez-vous que les cupcakes ont connu un essor fulgurant dans la culture populaire au d\u00e9but des ann\u00e9es 2000 gr\u00e2ce \u00e0 des s\u00e9ries t\u00e9l\u00e9vis\u00e9es comme Sex and the City\u00a0?<\/p>\n\n\n\n<div class=\"wp-block-columns are-vertically-aligned-center is-layout-flex wp-container-core-columns-is-layout-28f84493 wp-block-columns-is-layout-flex\">\n<div class=\"wp-block-column is-vertically-aligned-center is-layout-flow wp-block-column-is-layout-flow\">\n<figure class=\"wp-block-image size-full is-resized\"><img loading=\"lazy\" decoding=\"async\" width=\"975\" height=\"1300\" src=\"https:\/\/gracedgrains.com\/wp-content\/uploads\/2025\/03\/pexels-photo-853004-1.jpeg\" alt=\"three baked muffin with strawberry filling on top\" class=\"wp-image-440\" style=\"aspect-ratio:2\/3;object-fit:cover;width:180px\" srcset=\"https:\/\/gracedgrains.com\/wp-content\/uploads\/2025\/03\/pexels-photo-853004-1.jpeg 975w, https:\/\/gracedgrains.com\/wp-content\/uploads\/2025\/03\/pexels-photo-853004-1-225x300.jpeg 225w, https:\/\/gracedgrains.com\/wp-content\/uploads\/2025\/03\/pexels-photo-853004-1-768x1024.jpeg 768w\" sizes=\"auto, (max-width: 975px) 100vw, 975px\" \/><\/figure>\n<\/div>\n\n\n\n<div class=\"wp-block-column is-vertically-aligned-center is-layout-flow wp-block-column-is-layout-flow\">\n<figure class=\"wp-block-image size-full is-resized\"><img loading=\"lazy\" decoding=\"async\" width=\"867\" height=\"1300\" src=\"https:\/\/gracedgrains.com\/wp-content\/uploads\/2025\/03\/pexels-photo-4099124.jpeg\" alt=\"shallow focus of lemon cupcakes\" class=\"wp-image-441\" style=\"width:180px;height:auto\" srcset=\"https:\/\/gracedgrains.com\/wp-content\/uploads\/2025\/03\/pexels-photo-4099124.jpeg 867w, https:\/\/gracedgrains.com\/wp-content\/uploads\/2025\/03\/pexels-photo-4099124-200x300.jpeg 200w, https:\/\/gracedgrains.com\/wp-content\/uploads\/2025\/03\/pexels-photo-4099124-683x1024.jpeg 683w, https:\/\/gracedgrains.com\/wp-content\/uploads\/2025\/03\/pexels-photo-4099124-768x1152.jpeg 768w\" sizes=\"auto, (max-width: 867px) 100vw, 867px\" \/><\/figure>\n<\/div>\n\n\n\n<div class=\"wp-block-column is-vertically-aligned-center is-layout-flow wp-block-column-is-layout-flow\">\n<figure class=\"wp-block-image size-full is-resized\"><img loading=\"lazy\" decoding=\"async\" width=\"882\" height=\"1300\" src=\"https:\/\/gracedgrains.com\/wp-content\/uploads\/2025\/03\/pexels-photo-19532206.jpeg\" alt=\"flowers on and around stand\" class=\"wp-image-442\" style=\"width:183px;height:auto\" srcset=\"https:\/\/gracedgrains.com\/wp-content\/uploads\/2025\/03\/pexels-photo-19532206.jpeg 882w, https:\/\/gracedgrains.com\/wp-content\/uploads\/2025\/03\/pexels-photo-19532206-204x300.jpeg 204w, https:\/\/gracedgrains.com\/wp-content\/uploads\/2025\/03\/pexels-photo-19532206-695x1024.jpeg 695w, https:\/\/gracedgrains.com\/wp-content\/uploads\/2025\/03\/pexels-photo-19532206-768x1132.jpeg 768w\" sizes=\"auto, (max-width: 882px) 100vw, 882px\" \/><\/figure>\n<\/div>\n<\/div>\n\n\n\n<h2 class=\"wp-block-heading\">Base de cupcake<\/h2>\n\n\n\n<p>Choisissez entre une g\u00e9noise \u00e0 la vanille classique, un riche fudge au chocolat, un tourbillon de fraises fruit\u00e9es ou un moka d\u00e9cadent.<\/p>\n\n\n\n<h2 class=\"wp-block-heading\">Gla\u00e7age pour cupcakes<\/h2>\n\n\n\n<p>Garnissez vos cupcakes de cr\u00e8me au beurre cr\u00e9meuse (de n&#039;importe quelle couleur !), de ganache au chocolat velout\u00e9e, de gla\u00e7age au fromage \u00e0 la cr\u00e8me acidul\u00e9 ou de nuages de cr\u00e8me fouett\u00e9e.<\/p>\n\n\n\n<h2 class=\"wp-block-heading\">D\u00e9corations de cupcakes<\/h2>\n\n\n\n<p>Personnalisez vos cupcakes avec des vermicelles, des paillettes comestibles, des formes de fondant, des tranches de fruits frais ou des d\u00e9corations \u00e0 th\u00e8me pour des occasions sp\u00e9ciales.<\/p>\n\n\n\n<h2 class=\"wp-block-heading\">Taille du cupcake<\/h2>\n\n\n\n<p>Les cupcakes de graceDgrains sont disponibles en deux tailles :<\/p>\n\n\n\n<ul class=\"wp-block-list\">\n<li>Mini : environ 2,5 cm (un minimum de 12 cupcakes par commande est requis)<\/li>\n\n\n\n<li>R\u00e9gulier : environ 5 cm (un minimum de 6 cupcakes par commande est requis)<\/li>\n<\/ul>","protected":false},"excerpt":{"rendered":"<p>Cupcakes Cupcakes are single-serving cakes baked in small paper cups and topped with frosting or decorations. They\u2019re perfect for parties or as an everyday indulgence &#8211; and they\u2019re just as fun to make as they are to eat! Tiny Treats with Big History Cupcakes first appeared in American cookbooks in the late 18th century and [&hellip;]<\/p>\n","protected":false},"author":1,"featured_media":440,"parent":176,"menu_order":5,"comment_status":"closed","ping_status":"closed","template":"","meta":{"footnotes":""},"class_list":["post-226","page","type-page","status-publish","has-post-thumbnail","hentry"],"jetpack_sharing_enabled":true,"_links":{"self":[{"href":"https:\/\/gracedgrains.com\/fr\/wp-json\/wp\/v2\/pages\/226","targetHints":{"allow":["GET"]}}],"collection":[{"href":"https:\/\/gracedgrains.com\/fr\/wp-json\/wp\/v2\/pages"}],"about":[{"href":"https:\/\/gracedgrains.com\/fr\/wp-json\/wp\/v2\/types\/page"}],"author":[{"embeddable":true,"href":"https:\/\/gracedgrains.com\/fr\/wp-json\/wp\/v2\/users\/1"}],"replies":[{"embeddable":true,"href":"https:\/\/gracedgrains.com\/fr\/wp-json\/wp\/v2\/comments?post=226"}],"version-history":[{"count":8,"href":"https:\/\/gracedgrains.com\/fr\/wp-json\/wp\/v2\/pages\/226\/revisions"}],"predecessor-version":[{"id":521,"href":"https:\/\/gracedgrains.com\/fr\/wp-json\/wp\/v2\/pages\/226\/revisions\/521"}],"up":[{"embeddable":true,"href":"https:\/\/gracedgrains.com\/fr\/wp-json\/wp\/v2\/pages\/176"}],"wp:featuredmedia":[{"embeddable":true,"href":"https:\/\/gracedgrains.com\/fr\/wp-json\/wp\/v2\/media\/440"}],"wp:attachment":[{"href":"https:\/\/gracedgrains.com\/fr\/wp-json\/wp\/v2\/media?parent=226"}],"curies":[{"name":"wp","href":"https:\/\/api.w.org\/{rel}","templated":true}]}}