{"id":262,"date":"2025-04-01T01:04:02","date_gmt":"2025-03-31T23:04:02","guid":{"rendered":"https:\/\/gracedgrains.com\/?page_id=262"},"modified":"2025-04-01T23:40:29","modified_gmt":"2025-04-01T21:40:29","slug":"about-us","status":"publish","type":"page","link":"https:\/\/gracedgrains.com\/fr\/about-us\/","title":{"rendered":"\u00c0 propos"},"content":{"rendered":"<h1 class=\"wp-block-heading my-0\">\u00c0 propos<\/h1>\n\n\n\n<p class=\"my-0\">Bienvenue chez graceDgrains, une boulangerie maison n\u00e9e d&#039;une passion de longue date pour la p\u00e2tisserie traditionnelle et d&#039;un engagement \u00e0 partager l&#039;amour \u00e0 travers la nourriture.<\/p>\n\n\n\n<p class=\"my-0\">Cr\u00e9\u00e9 en 2025, ce r\u00eave est n\u00e9 de plusieurs ann\u00e9es de travail, port\u00e9 par la femme derri\u00e8re graceDgrains, qui se consacre \u00e0 la pr\u00e9servation et \u00e0 la transmission de pr\u00e9cieuses traditions culinaires.<\/p>\n\n\n\n<figure class=\"wp-block-image\"><img loading=\"lazy\" decoding=\"async\" width=\"1880\" height=\"1253\" src=\"https:\/\/gracedgrains.com\/wp-content\/uploads\/2025\/04\/image.jpeg\" alt=\"\" class=\"wp-image-485\" style=\"aspect-ratio:16\/9;object-fit:cover\" srcset=\"https:\/\/gracedgrains.com\/wp-content\/uploads\/2025\/04\/image.jpeg 1880w, https:\/\/gracedgrains.com\/wp-content\/uploads\/2025\/04\/image-300x200.jpeg 300w, https:\/\/gracedgrains.com\/wp-content\/uploads\/2025\/04\/image-1024x682.jpeg 1024w, https:\/\/gracedgrains.com\/wp-content\/uploads\/2025\/04\/image-768x512.jpeg 768w, https:\/\/gracedgrains.com\/wp-content\/uploads\/2025\/04\/image-1536x1024.jpeg 1536w\" sizes=\"auto, (max-width: 1880px) 100vw, 1880px\" \/><\/figure>\n\n\n\n<p class=\"my-0\">Chez graceDgrains, elle croit en la simplicit\u00e9 et la beaut\u00e9 de la p\u00e2tisserie maison, utilisant uniquement les ingr\u00e9dients les plus frais et \u00e9vitant autant que possible les aliments transform\u00e9s. Sa cuisine n&#039;est pas seulement un lieu de travail, mais un v\u00e9ritable lieu de vie familiale, o\u00f9 quatre petits boulangers et testeurs \u2013 ses enfants \u2013 l&#039;inspirent chaque jour par leur curiosit\u00e9 et leur joie.<\/p>\n\n\n\n<div class=\"wp-block-columns are-vertically-aligned-center is-layout-flex wp-container-core-columns-is-layout-28f84493 wp-block-columns-is-layout-flex\">\n<div class=\"wp-block-column is-vertically-aligned-center is-layout-flow wp-block-column-is-layout-flow\" style=\"flex-basis:50%\">\n<figure class=\"wp-block-image size-full\"><img loading=\"lazy\" decoding=\"async\" width=\"661\" height=\"992\" src=\"https:\/\/gracedgrains.com\/wp-content\/uploads\/2025\/04\/pexels-photo-3807314-edited.jpeg\" alt=\"crop little girl with man making dough with flour\" class=\"wp-image-517\" style=\"aspect-ratio:9\/16;object-fit:cover\" srcset=\"https:\/\/gracedgrains.com\/wp-content\/uploads\/2025\/04\/pexels-photo-3807314-edited.jpeg 661w, https:\/\/gracedgrains.com\/wp-content\/uploads\/2025\/04\/pexels-photo-3807314-edited-200x300.jpeg 200w\" sizes=\"auto, (max-width: 661px) 100vw, 661px\" \/><\/figure>\n<\/div>\n\n\n\n<div class=\"wp-block-column is-vertically-aligned-center is-layout-flow wp-block-column-is-layout-flow\" style=\"flex-basis:50%\">\n<p>M\u00e8re de quatre enfants, elle comprend parfaitement l&#039;importance de nourrir le corps et l&#039;esprit. Cuisiner pour sa famille lui a prouv\u00e9 \u00e0 maintes reprises que la nourriture est bien plus qu&#039;un simple moyen de subsistance\u00a0; c&#039;est un moyen de rassembler les gens et de cr\u00e9er des souvenirs inoubliables. C&#039;est pourquoi elle met un point d&#039;honneur \u00e0 confectionner chaque plat avec amour, veillant \u00e0 ce que chaque bouch\u00e9e vous apporte le sourire.<\/p>\n\n\n\n<p>GraceDgrains, c&#039;est bien plus que de la p\u00e2tisserie\u00a0; c&#039;est partager amour, chaleur et tradition avec la communaut\u00e9. Nous esp\u00e9rons que nos p\u00e2tisseries accompagneront vos moments privil\u00e9gi\u00e9s, apportant joie et r\u00e9confort \u00e0 votre table.<\/p>\n<\/div>\n<\/div>\n\n\n\n<p><\/p>","protected":false},"excerpt":{"rendered":"<p>About Us Welcome to graceDgrains, a home bakery born from a long-held passion for traditional baking and a commitment to sharing love through food. Established in 2025, this dream has been years in the making, driven by the woman behind&nbsp;graceDgrains, who is dedicated to preserving and passing on cherished culinary traditions. At\u00a0graceDgrains, she believes in [&hellip;]<\/p>\n","protected":false},"author":1,"featured_media":485,"parent":0,"menu_order":0,"comment_status":"closed","ping_status":"closed","template":"","meta":{"footnotes":""},"class_list":["post-262","page","type-page","status-publish","has-post-thumbnail","hentry"],"jetpack_sharing_enabled":true,"_links":{"self":[{"href":"https:\/\/gracedgrains.com\/fr\/wp-json\/wp\/v2\/pages\/262","targetHints":{"allow":["GET"]}}],"collection":[{"href":"https:\/\/gracedgrains.com\/fr\/wp-json\/wp\/v2\/pages"}],"about":[{"href":"https:\/\/gracedgrains.com\/fr\/wp-json\/wp\/v2\/types\/page"}],"author":[{"embeddable":true,"href":"https:\/\/gracedgrains.com\/fr\/wp-json\/wp\/v2\/users\/1"}],"replies":[{"embeddable":true,"href":"https:\/\/gracedgrains.com\/fr\/wp-json\/wp\/v2\/comments?post=262"}],"version-history":[{"count":11,"href":"https:\/\/gracedgrains.com\/fr\/wp-json\/wp\/v2\/pages\/262\/revisions"}],"predecessor-version":[{"id":539,"href":"https:\/\/gracedgrains.com\/fr\/wp-json\/wp\/v2\/pages\/262\/revisions\/539"}],"wp:featuredmedia":[{"embeddable":true,"href":"https:\/\/gracedgrains.com\/fr\/wp-json\/wp\/v2\/media\/485"}],"wp:attachment":[{"href":"https:\/\/gracedgrains.com\/fr\/wp-json\/wp\/v2\/media?parent=262"}],"curies":[{"name":"wp","href":"https:\/\/api.w.org\/{rel}","templated":true}]}}