{"id":272,"date":"2025-03-24T22:45:13","date_gmt":"2025-03-24T21:45:13","guid":{"rendered":"https:\/\/gracedgrains.com\/?page_id=272"},"modified":"2025-03-25T16:47:33","modified_gmt":"2025-03-25T15:47:33","slug":"giving-back","status":"publish","type":"page","link":"https:\/\/gracedgrains.com\/fr\/giving-back\/","title":{"rendered":"Redonner"},"content":{"rendered":"<h1 class=\"wp-block-heading\">Redonner<\/h1>\n\n\n\n<p>Chez graceDgrains, nous sommes reconnaissants pour le pain que nous avons sur notre table chaque jour et nous croyons que chaque produit de boulangerie que nous cr\u00e9ons a le potentiel de faire une diff\u00e9rence bien au-del\u00e0 des murs de notre cuisine et des \u00e9v\u00e9nements clients pour lesquels ils sont destin\u00e9s.<\/p>\n\n\n\n<figure class=\"wp-block-image\"><img loading=\"lazy\" decoding=\"async\" width=\"1080\" height=\"720\" src=\"https:\/\/gracedgrains.com\/wp-content\/uploads\/2025\/03\/image-29.jpg\" alt=\"\" class=\"wp-image-366\" srcset=\"https:\/\/gracedgrains.com\/wp-content\/uploads\/2025\/03\/image-29.jpg 1080w, https:\/\/gracedgrains.com\/wp-content\/uploads\/2025\/03\/image-29-300x200.jpg 300w, https:\/\/gracedgrains.com\/wp-content\/uploads\/2025\/03\/image-29-1024x683.jpg 1024w, https:\/\/gracedgrains.com\/wp-content\/uploads\/2025\/03\/image-29-768x512.jpg 768w, https:\/\/gracedgrains.com\/wp-content\/uploads\/2025\/03\/image-29-600x400.jpg 600w\" sizes=\"auto, (max-width: 1080px) 100vw, 1080px\" \/><\/figure>\n\n\n\n<p>C&#039;est pourquoi nous nous engageons \u00e0 redonner et \u00e0 reverser une partie de nos revenus \u00e0 des ONG s\u00e9lectionn\u00e9es qui se consacrent \u00e0 la plantation de c\u00e9r\u00e9ales et de semences pour cultiver des cultures, en particulier pour les communaut\u00e9s d\u00e9favoris\u00e9es.<\/p>\n\n\n\n<p>Ces organisations jouent un r\u00f4le essentiel dans la lutte contre l&#039;ins\u00e9curit\u00e9 alimentaire et la cr\u00e9ation de solutions durables pour les communaut\u00e9s dans le besoin. En soutenant leurs efforts, nous contribuons \u00e0 garantir que les familles vuln\u00e9rables ont acc\u00e8s aux ressources n\u00e9cessaires pour cultiver leur propre nourriture et se construire un avenir autonome.<\/p>\n\n\n\n<p>Donner n&#039;est pas seulement un acte de g\u00e9n\u00e9rosit\u00e9\u00a0: c&#039;est le reflet de nos valeurs et une fa\u00e7on de rendre hommage aux ingr\u00e9dients qui rendent notre boulangerie possible. Les c\u00e9r\u00e9ales et les graines sont au c\u0153ur de tout ce que nous cuisinons, et en participant \u00e0 des programmes qui cultivent ces ressources essentielles, nous contribuons \u00e0 un cycle de nutrition, de croissance et d&#039;espoir.<\/p>\n\n\n\n<p>Nous sommes convaincus que soutenir ces initiatives est un moyen efficace d&#039;\u00e9tendre l&#039;impact de notre travail au-del\u00e0 de nos p\u00e2tisseries. Avec ces ONG, nous pouvons semer les graines du changement, responsabiliser les communaut\u00e9s et cr\u00e9er un avenir meilleur et plus durable pour tous.<\/p>\n\n\n\n<div class=\"wp-block-columns is-layout-flex wp-container-core-columns-is-layout-28f84493 wp-block-columns-is-layout-flex\">\n<div class=\"wp-block-column is-layout-flow wp-block-column-is-layout-flow\">\n<figure class=\"wp-block-image\"><img loading=\"lazy\" decoding=\"async\" width=\"1080\" height=\"1620\" src=\"https:\/\/gracedgrains.com\/wp-content\/uploads\/2025\/03\/image-31.jpg\" alt=\"\" class=\"wp-image-369\" srcset=\"https:\/\/gracedgrains.com\/wp-content\/uploads\/2025\/03\/image-31.jpg 1080w, https:\/\/gracedgrains.com\/wp-content\/uploads\/2025\/03\/image-31-200x300.jpg 200w, https:\/\/gracedgrains.com\/wp-content\/uploads\/2025\/03\/image-31-683x1024.jpg 683w, https:\/\/gracedgrains.com\/wp-content\/uploads\/2025\/03\/image-31-768x1152.jpg 768w, https:\/\/gracedgrains.com\/wp-content\/uploads\/2025\/03\/image-31-1024x1536.jpg 1024w, https:\/\/gracedgrains.com\/wp-content\/uploads\/2025\/03\/image-31-600x900.jpg 600w\" sizes=\"auto, (max-width: 1080px) 100vw, 1080px\" \/><\/figure>\n\n\n\n<figure class=\"wp-block-image\"><img loading=\"lazy\" decoding=\"async\" width=\"1080\" height=\"1440\" src=\"https:\/\/gracedgrains.com\/wp-content\/uploads\/2025\/03\/image-33.jpg\" alt=\"\" class=\"wp-image-371\" srcset=\"https:\/\/gracedgrains.com\/wp-content\/uploads\/2025\/03\/image-33.jpg 1080w, https:\/\/gracedgrains.com\/wp-content\/uploads\/2025\/03\/image-33-225x300.jpg 225w, https:\/\/gracedgrains.com\/wp-content\/uploads\/2025\/03\/image-33-768x1024.jpg 768w, https:\/\/gracedgrains.com\/wp-content\/uploads\/2025\/03\/image-33-600x800.jpg 600w\" sizes=\"auto, (max-width: 1080px) 100vw, 1080px\" \/><\/figure>\n<\/div>\n\n\n\n<div class=\"wp-block-column is-layout-flow wp-block-column-is-layout-flow\">\n<h2 class=\"wp-block-heading\">Afrique<\/h2>\n\n\n\n<p><strong>Ferme Afrique<\/strong> r\u00e9duit la pauvret\u00e9 en Afrique de l\u2019Est en aidant les agriculteurs \u00e0 cultiver davantage, \u00e0 vendre davantage et \u00e0 vendre plus cher, tout en prot\u00e9geant l\u2019environnement pour les ann\u00e9es \u00e0 venir.<\/p>\n\n\n\n<p><a href=\"https:\/\/www.farmafrica.org\/our-work\/what-we-do\/\">https:\/\/www.farmafrica.org\/our-work\/what-we-do\/<\/a><\/p>\n\n\n\n<h2 class=\"wp-block-heading\">Asie<\/h2>\n\n\n\n<p>Le <strong>Fondation Aahwahan<\/strong> est une ONG bas\u00e9e \u00e0 Bengaluru qui d\u00e9veloppe des infrastructures permettant aux agriculteurs de cultiver et de cultiver efficacement des cultures, en se concentrant sur l&#039;approvisionnement en semences et l&#039;irrigation<\/p>\n\n\n\n<p><a href=\"https:\/\/www.aahwahan.com\">https:\/\/www.aahwahan.com<\/a><\/p>\n\n\n\n<h2 class=\"wp-block-heading\">Am\u00e9rique du Sud<\/h2>\n\n\n\n<p><strong>Chemin Vert <\/strong>est une organisation \u00e0 but non lucratif bas\u00e9e aux \u00c9tats-Unis, implant\u00e9e dans le Massachusetts et au P\u00e9rou, qui \u0153uvre \u00e0 la cr\u00e9ation d&#039;une banque de semences vivantes de plus de 400 esp\u00e8ces d&#039;arbres et \u00e0 la plantation de plus de 25 000 arbres en Amazonie.<\/p>\n\n\n\n<p><a href=\"https:\/\/www.globalgiving.org\/pfil\/16074\/projdoc.pdf\">https:\/\/www.globalgiving.org\/pfil\/16074\/projdoc.pdf<\/a><\/p>\n<\/div>\n<\/div>","protected":false},"excerpt":{"rendered":"<p>Giving back At graceDgrains, we are grateful for the bread we have on our table every day and we believe that every baked good we create has the potential to make a difference far beyond the walls of our kitchen and the client events&#8217; they were meant for. That\u2019s why we are committed to giving [&hellip;]<\/p>\n","protected":false},"author":1,"featured_media":0,"parent":0,"menu_order":0,"comment_status":"closed","ping_status":"closed","template":"","meta":{"footnotes":""},"class_list":["post-272","page","type-page","status-publish","hentry"],"jetpack_sharing_enabled":true,"_links":{"self":[{"href":"https:\/\/gracedgrains.com\/fr\/wp-json\/wp\/v2\/pages\/272","targetHints":{"allow":["GET"]}}],"collection":[{"href":"https:\/\/gracedgrains.com\/fr\/wp-json\/wp\/v2\/pages"}],"about":[{"href":"https:\/\/gracedgrains.com\/fr\/wp-json\/wp\/v2\/types\/page"}],"author":[{"embeddable":true,"href":"https:\/\/gracedgrains.com\/fr\/wp-json\/wp\/v2\/users\/1"}],"replies":[{"embeddable":true,"href":"https:\/\/gracedgrains.com\/fr\/wp-json\/wp\/v2\/comments?post=272"}],"version-history":[{"count":8,"href":"https:\/\/gracedgrains.com\/fr\/wp-json\/wp\/v2\/pages\/272\/revisions"}],"predecessor-version":[{"id":372,"href":"https:\/\/gracedgrains.com\/fr\/wp-json\/wp\/v2\/pages\/272\/revisions\/372"}],"wp:attachment":[{"href":"https:\/\/gracedgrains.com\/fr\/wp-json\/wp\/v2\/media?parent=272"}],"curies":[{"name":"wp","href":"https:\/\/api.w.org\/{rel}","templated":true}]}}