{"id":279,"date":"2025-03-25T01:37:01","date_gmt":"2025-03-25T00:37:01","guid":{"rendered":"https:\/\/gracedgrains.com\/?page_id=279"},"modified":"2025-03-31T23:52:02","modified_gmt":"2025-03-31T21:52:02","slug":"faq","status":"publish","type":"page","link":"https:\/\/gracedgrains.com\/fr\/faq\/","title":{"rendered":"FAQ"},"content":{"rendered":"<div class=\"wp-block-group alignfull has-background-background-color has-background has-global-padding is-layout-constrained wp-container-core-group-is-layout-173069e1 wp-block-group-is-layout-constrained\" style=\"margin-top:0;margin-bottom:0;padding-top:0;padding-right:var(--wp--preset--spacing--30);padding-bottom:0;padding-left:var(--wp--preset--spacing--30)\">\n<div class=\"wp-block-group alignwide has-global-padding is-content-justification-center is-layout-constrained wp-block-group-is-layout-constrained\" style=\"margin-bottom:var(--wp--preset--spacing--30)\">\n<h2 class=\"wp-block-heading has-text-align-center has-large-font-size\" style=\"margin-top:0;margin-bottom:0;padding-top:0;padding-bottom:0\">Retrouvez la plupart des FAQ ci-dessous<\/h2>\n\n\n\n<p class=\"has-text-align-center\" style=\"margin-top:16px\">Si vous ne trouvez toujours pas de r\u00e9ponse ici, n&#039;h\u00e9sitez pas \u00e0 <a href=\"\/fr\/contact-us\/\">contactez-nous<\/a>!<\/p>\n<\/div>\n\n\n\n<div class=\"wp-block-columns alignwide is-layout-flex wp-container-core-columns-is-layout-1da03c2a wp-block-columns-is-layout-flex\">\n<div class=\"wp-block-column is-layout-flow wp-block-column-is-layout-flow\">\n<figure class=\"wp-block-image has-custom-border extendify-image-import\"><img loading=\"lazy\" decoding=\"async\" width=\"1080\" height=\"1350\" src=\"https:\/\/gracedgrains.com\/wp-content\/uploads\/2025\/03\/image-25.jpg\" alt=\"\" class=\"wp-image-322\" style=\"border-top-left-radius:0rem;border-top-right-radius:0rem;border-bottom-left-radius:20rem;border-bottom-right-radius:20rem;aspect-ratio:1;object-fit:cover\" srcset=\"https:\/\/gracedgrains.com\/wp-content\/uploads\/2025\/03\/image-25.jpg 1080w, https:\/\/gracedgrains.com\/wp-content\/uploads\/2025\/03\/image-25-240x300.jpg 240w, https:\/\/gracedgrains.com\/wp-content\/uploads\/2025\/03\/image-25-819x1024.jpg 819w, https:\/\/gracedgrains.com\/wp-content\/uploads\/2025\/03\/image-25-768x960.jpg 768w, https:\/\/gracedgrains.com\/wp-content\/uploads\/2025\/03\/image-25-600x750.jpg 600w\" sizes=\"auto, (max-width: 1080px) 100vw, 1080px\" \/><\/figure>\n<\/div>\n\n\n\n<div class=\"wp-block-column is-layout-flow wp-block-column-is-layout-flow\">\n<div class=\"wp-block-group has-global-padding is-layout-constrained wp-block-group-is-layout-constrained\" style=\"border-bottom-color:var(--wp--preset--color--tertiary);border-bottom-width:1px;margin-top:0;padding-top:var(--wp--preset--spacing--30);padding-bottom:var(--wp--preset--spacing--30)\">\n<h4 class=\"wp-block-heading has-medium-font-size\"><strong>Comment passer une commande ?<\/strong><\/h4>\n\n\n\n<p class=\"has-small-font-size\" style=\"margin-top:12px\">Vous pouvez commander directement aupr\u00e8s de notre <a href=\"\/fr\/shop\/\">Boutique<\/a> (en direct en mai 2025) ou via le site en ligne <a href=\"\/fr\/contact-us\/\">formulaire<\/a> ou par <a href=\"http:\/\/email to:info@gracedgrains.com\/fr\/\">e-mail<\/a>.<\/p>\n<\/div>\n\n\n\n<div class=\"wp-block-group has-global-padding is-layout-constrained wp-block-group-is-layout-constrained\" style=\"border-bottom-color:var(--wp--preset--color--tertiary);border-bottom-width:1px;margin-top:0;padding-top:var(--wp--preset--spacing--30);padding-bottom:var(--wp--preset--spacing--30)\">\n<h4 class=\"wp-block-heading has-medium-font-size\"><strong>Quelle est votre politique de livraison ?<\/strong><\/h4>\n\n\n\n<p class=\"has-small-font-size\" style=\"margin-top:12px\">Nous livrons dans l&#039;agglom\u00e9ration genevoise et en France voisine jusqu&#039;\u00e0 25 km. Des frais de livraison s&#039;appliquent et sont disponibles. <a href=\"\/fr\/delivery\/\">ici<\/a>.<\/p>\n<\/div>\n\n\n\n<div class=\"wp-block-group has-global-padding is-layout-constrained wp-block-group-is-layout-constrained\" style=\"border-bottom-color:var(--wp--preset--color--tertiary);border-bottom-width:1px;margin-top:0;padding-top:var(--wp--preset--spacing--30);padding-bottom:var(--wp--preset--spacing--30)\">\n<h4 class=\"wp-block-heading has-medium-font-size\"><strong>Puis-je personnaliser ma commande ?<\/strong><\/h4>\n\n\n\n<p class=\"has-small-font-size\" style=\"margin-top:12px\">Oui, chacun de nos produits sera fabriqu\u00e9 sur mesure pour r\u00e9pondre \u00e0 vos besoins sp\u00e9cifiques.<\/p>\n<\/div>\n\n\n\n<div class=\"wp-block-group has-global-padding is-layout-constrained wp-block-group-is-layout-constrained\" style=\"border-bottom-color:var(--wp--preset--color--tertiary);border-bottom-width:1px;margin-top:0;padding-top:var(--wp--preset--spacing--30);padding-bottom:var(--wp--preset--spacing--30)\">\n<h4 class=\"wp-block-heading has-medium-font-size\"><strong><strong>Quels sont vos moyens de paiement ?<\/strong><\/strong><\/h4>\n\n\n\n<p class=\"has-small-font-size\" style=\"margin-top:12px\">Les commandes doivent \u00eatre r\u00e9gl\u00e9es int\u00e9gralement d\u00e8s leur confirmation. Nous privil\u00e9gions PayPal et TWINT.<\/p>\n<\/div>\n\n\n\n<div class=\"wp-block-group has-global-padding is-layout-constrained wp-block-group-is-layout-constrained\" style=\"border-bottom-color:var(--wp--preset--color--tertiary);border-bottom-width:1px;margin-top:0;padding-top:var(--wp--preset--spacing--30);padding-bottom:var(--wp--preset--spacing--30)\">\n<h4 class=\"wp-block-heading has-medium-font-size\">Pouvez-vous r\u00e9pondre \u00e0 des besoins alimentaires sp\u00e9cifiques ?<\/h4>\n\n\n\n<p class=\"has-small-font-size\" style=\"margin-top:12px\">Nous proposons des options sans lactose et sans gluten et nous nous adaptons aux r\u00e9gimes halal. Pour toute autre demande sp\u00e9cifique, veuillez nous en informer lors de votre commande.<\/p>\n<\/div>\n\n\n\n<div class=\"wp-block-group has-global-padding is-layout-constrained wp-block-group-is-layout-constrained\" style=\"border-bottom-color:var(--wp--preset--color--tertiary);border-bottom-width:1px;margin-top:0;padding-top:var(--wp--preset--spacing--30);padding-bottom:var(--wp--preset--spacing--30)\">\n<h4 class=\"wp-block-heading has-medium-font-size\"><strong>Combien de temps \u00e0 l&#039;avance dois-je commander ?<\/strong><\/h4>\n\n\n\n<p class=\"has-small-font-size\" style=\"margin-top:12px\">Nous aimons planifier \u00e0 l&#039;avance, donc plus t\u00f4t c&#039;est mieux ! Nous prenons g\u00e9n\u00e9ralement les commandes jusqu&#039;\u00e0 cinq jours avant la date de livraison, mais n&#039;h\u00e9sitez pas \u00e0 nous contacter si vous \u00eates pris de panique \u00e0 la derni\u00e8re minute !<\/p>\n<\/div>\n\n\n\n<div class=\"wp-block-group has-global-padding is-layout-constrained wp-block-group-is-layout-constrained\" style=\"border-bottom-color:var(--wp--preset--color--tertiary);border-bottom-width:1px;margin-top:0;padding-top:var(--wp--preset--spacing--30);padding-bottom:var(--wp--preset--spacing--30)\">\n<h4 class=\"wp-block-heading has-medium-font-size\"><strong><strong>Quelle est votre politique de remboursement et d&#039;annulation ?<\/strong><\/strong><\/h4>\n\n\n\n<p class=\"has-small-font-size\" style=\"margin-top:12px\">La vie est faite d&#039;impr\u00e9vus, et nous appr\u00e9cions les impr\u00e9vus. Vous pouvez annuler votre commande et obtenir un remboursement complet jusqu&#039;\u00e0 quatre jours avant la date de livraison convenue. Entre trois et deux jours avant, vous recevrez un remboursement 50%. Les annulations effectu\u00e9es un jour avant ou le jour m\u00eame ne donneront lieu \u00e0 aucun remboursement.<\/p>\n<\/div>\n\n\n\n<div class=\"wp-block-group has-global-padding is-layout-constrained wp-block-group-is-layout-constrained\" style=\"border-bottom-color:var(--wp--preset--color--tertiary);border-bottom-width:1px;margin-top:0;padding-top:var(--wp--preset--spacing--30);padding-bottom:var(--wp--preset--spacing--30)\">\n<h4 class=\"wp-block-heading has-medium-font-size\"><strong><strong>Comment garantir la s\u00e9curit\u00e9 et l\u2019hygi\u00e8ne alimentaire ?<\/strong><\/strong><\/h4>\n\n\n\n<p class=\"has-small-font-size\" style=\"margin-top:12px\">Tous nos produits sont fra\u00eechement pr\u00e9par\u00e9s pour chaque commande. Notre cuisine est r\u00e9guli\u00e8rement nettoy\u00e9e et d\u00e9sinfect\u00e9e avant et apr\u00e8s chaque cuisson. Nous appliquons un syst\u00e8me de nettoyage au fur et \u00e0 mesure, nettoyant continuellement les surfaces de travail et le mat\u00e9riel. Nous stockons les ingr\u00e9dients correctement, en s\u00e9parant les aliments crus des aliments cuits, et maintenons les temp\u00e9ratures de r\u00e9frig\u00e9ration appropri\u00e9es. Nous suivons des proc\u00e9dures de cuisson et de refroidissement appropri\u00e9es pour garantir la s\u00e9curit\u00e9 alimentaire. Nous adh\u00e9rons aux pratiques de gestion des allerg\u00e8nes afin d&#039;\u00e9viter toute contamination crois\u00e9e. Nous nous tenons inform\u00e9s des r\u00e9glementations en mati\u00e8re de s\u00e9curit\u00e9 alimentaire et des meilleures pratiques pour les boulangers amateurs.<\/p>\n<\/div>\n\n\n\n<div class=\"wp-block-group has-global-padding is-layout-constrained wp-block-group-is-layout-constrained\" style=\"border-bottom-color:var(--wp--preset--color--tertiary);border-bottom-width:1px;margin-top:0;padding-top:var(--wp--preset--spacing--30);padding-bottom:var(--wp--preset--spacing--30)\">\n<h4 class=\"wp-block-heading has-medium-font-size\"><strong>Puis-je r\u00e9cup\u00e9rer ma commande au lieu de la faire livrer ?<\/strong><\/h4>\n\n\n\n<p class=\"has-small-font-size\" style=\"margin-top:12px\">Oui, vous pouvez r\u00e9cup\u00e9rer votre commande \u00e0 Chamb\u00e9sy et profiter d&#039;un caf\u00e9 offert et discuter avec le boulanger !<\/p>\n<\/div>\n\n\n\n<div class=\"wp-block-group has-global-padding is-layout-constrained wp-block-group-is-layout-constrained\" style=\"border-bottom-color:var(--wp--preset--color--tertiary);border-bottom-width:1px;margin-top:0;padding-top:var(--wp--preset--spacing--30);padding-bottom:var(--wp--preset--spacing--30)\">\n<h4 class=\"wp-block-heading has-medium-font-size\"><strong>Quelles sont vos heures d&#039;ouverture ?<\/strong><\/h4>\n\n\n\n<p class=\"has-small-font-size\" style=\"margin-top:12px\">Nous aimerions dire 9h-17h, du lundi au vendredi, mais nous souffrons d&#039;insomnie !<\/p>\n<\/div>\n\n\n\n<div class=\"wp-block-group has-global-padding is-layout-constrained wp-block-group-is-layout-constrained\" style=\"border-bottom-color:var(--wp--preset--color--tertiary);border-bottom-width:1px;margin-top:0;padding-top:var(--wp--preset--spacing--30);padding-bottom:var(--wp--preset--spacing--30)\">\n<h4 class=\"wp-block-heading has-medium-font-size\"><strong>Avez-vous des avertissements concernant les allerg\u00e8nes ?<\/strong><\/h4>\n\n\n\n<p class=\"has-small-font-size\" style=\"margin-top:12px\">Informez-nous de toute allergie alimentaire. Nos produits contiennent g\u00e9n\u00e9ralement des \u0153ufs, du bl\u00e9 et des produits laitiers, et peuvent contenir des noix. Cependant, nous appliquons des pratiques de gestion des allerg\u00e8nes afin d&#039;\u00e9viter toute contamination crois\u00e9e en cas d&#039;allergie.<\/p>\n<\/div>\n<\/div>\n<\/div>\n<\/div>","protected":false},"excerpt":{"rendered":"<p>Find the most FAQ below If you still don&#8217;t find an answer here, do not hesitate to contact us! How do I place an order? You may order directly from our Shop (live May 2025) or via the online form or by email. What is your delivery policy? We deliver in the greater Geneva area [&hellip;]<\/p>\n","protected":false},"author":1,"featured_media":0,"parent":0,"menu_order":0,"comment_status":"closed","ping_status":"closed","template":"","meta":{"footnotes":""},"class_list":["post-279","page","type-page","status-publish","hentry"],"jetpack_sharing_enabled":true,"_links":{"self":[{"href":"https:\/\/gracedgrains.com\/fr\/wp-json\/wp\/v2\/pages\/279","targetHints":{"allow":["GET"]}}],"collection":[{"href":"https:\/\/gracedgrains.com\/fr\/wp-json\/wp\/v2\/pages"}],"about":[{"href":"https:\/\/gracedgrains.com\/fr\/wp-json\/wp\/v2\/types\/page"}],"author":[{"embeddable":true,"href":"https:\/\/gracedgrains.com\/fr\/wp-json\/wp\/v2\/users\/1"}],"replies":[{"embeddable":true,"href":"https:\/\/gracedgrains.com\/fr\/wp-json\/wp\/v2\/comments?post=279"}],"version-history":[{"count":11,"href":"https:\/\/gracedgrains.com\/fr\/wp-json\/wp\/v2\/pages\/279\/revisions"}],"predecessor-version":[{"id":472,"href":"https:\/\/gracedgrains.com\/fr\/wp-json\/wp\/v2\/pages\/279\/revisions\/472"}],"wp:attachment":[{"href":"https:\/\/gracedgrains.com\/fr\/wp-json\/wp\/v2\/media?parent=279"}],"curies":[{"name":"wp","href":"https:\/\/api.w.org\/{rel}","templated":true}]}}