{"id":281,"date":"2025-03-25T00:28:51","date_gmt":"2025-03-24T23:28:51","guid":{"rendered":"https:\/\/gracedgrains.com\/?page_id=281"},"modified":"2025-03-25T00:28:51","modified_gmt":"2025-03-24T23:28:51","slug":"delivery","status":"publish","type":"page","link":"https:\/\/gracedgrains.com\/fr\/delivery\/","title":{"rendered":"Livraison"},"content":{"rendered":"<div class=\"wp-block-group alignfull has-background-background-color has-background has-global-padding is-layout-constrained wp-container-core-group-is-layout-7276a2bb wp-block-group-is-layout-constrained\" style=\"margin-top:0;margin-bottom:0;padding-top:var(--wp--preset--spacing--60);padding-right:var(--wp--preset--spacing--30);padding-bottom:var(--wp--preset--spacing--60);padding-left:var(--wp--preset--spacing--30)\">\n<div class=\"wp-block-columns alignwide is-layout-flex wp-container-core-columns-is-layout-28f84493 wp-block-columns-is-layout-flex\">\n<div class=\"wp-block-column is-layout-flow wp-block-column-is-layout-flow\">\n<div class=\"wp-block-group alignwide has-global-padding is-content-justification-left is-layout-constrained wp-container-core-group-is-layout-8b4c372c wp-block-group-is-layout-constrained\">\n<h2 class=\"wp-block-heading has-large-font-size\">Nos zones de service <\/h2>\n\n\n\n<p style=\"margin-top:16px\">Votre commande peut \u00eatre r\u00e9cup\u00e9r\u00e9e dans notre boulangerie \u00e0 domicile \u00e0 Chamb\u00e9sy.<\/p>\n\n\n\n<p style=\"margin-top:16px\">Si vous souhaitez le faire livrer en toute s\u00e9curit\u00e9 \u00e0 l&#039;endroit de votre choix, les frais suivants s&#039;appliqueront : <\/p>\n<\/div>\n<\/div>\n\n\n\n<div class=\"wp-block-column is-layout-flow wp-block-column-is-layout-flow\">\n<div class=\"wp-block-group has-tertiary-background-color has-background has-global-padding is-layout-constrained wp-container-core-group-is-layout-e9f05e75 wp-block-group-is-layout-constrained\" style=\"border-top-left-radius:1rem;border-top-right-radius:10rem;border-bottom-left-radius:1rem;border-bottom-right-radius:10rem;padding-top:1.75rem;padding-right:3rem;padding-bottom:1.75rem;padding-left:1.75rem\">\n<h3 class=\"wp-block-heading\" style=\"font-size:clamp(1.119rem, 1.119rem + ((1vw - 0.2rem) * 1.052), 1.75rem);line-height:1.5\">Gen\u00e8ve et Ferney-Voltaire<\/h3>\n\n\n\n<p class=\"has-medium-font-size\" style=\"margin-top:8px\">CHF 5 en semaine<\/p>\n\n\n\n<p class=\"has-medium-font-size\" style=\"margin-top:0;margin-bottom:0\">CHF 7.50 le week-end<\/p>\n<\/div>\n\n\n\n<div class=\"wp-block-group has-tertiary-background-color has-background has-global-padding is-layout-constrained wp-container-core-group-is-layout-e9f05e75 wp-block-group-is-layout-constrained\" style=\"border-top-left-radius:1rem;border-top-right-radius:10rem;border-bottom-left-radius:1rem;border-bottom-right-radius:10rem;padding-top:1.75rem;padding-right:3rem;padding-bottom:1.75rem;padding-left:1.75rem\">\n<h3 class=\"wp-block-heading\" style=\"font-size:clamp(1.119rem, 1.119rem + ((1vw - 0.2rem) * 1.052), 1.75rem);line-height:1.5\">Grand Gen\u00e8ve \u00e0 moins de 10km<\/h3>\n\n\n\n<p class=\"has-medium-font-size\" style=\"margin-top:8px\">CHF 10 en semaine<\/p>\n\n\n\n<p class=\"has-medium-font-size\" style=\"margin-top:0;margin-bottom:0\">CHF 15 week-ends<\/p>\n<\/div>\n\n\n\n<div class=\"wp-block-group has-tertiary-background-color has-background has-global-padding is-layout-constrained wp-container-core-group-is-layout-e9f05e75 wp-block-group-is-layout-constrained\" style=\"border-top-left-radius:1rem;border-top-right-radius:10rem;border-bottom-left-radius:1rem;border-bottom-right-radius:10rem;padding-top:1.75rem;padding-right:3rem;padding-bottom:1.75rem;padding-left:1.75rem\">\n<h3 class=\"wp-block-heading\" style=\"font-size:clamp(1.119rem, 1.119rem + ((1vw - 0.2rem) * 1.052), 1.75rem);line-height:1.5\">Grand Gen\u00e8ve \u00e0 moins de 20km<\/h3>\n\n\n\n<p class=\"has-medium-font-size\" style=\"margin-top:8px\">CHF 20 en semaine<\/p>\n\n\n\n<p class=\"has-medium-font-size\" style=\"margin-top:0;margin-bottom:0\">CHF 25 week-ends<\/p>\n<\/div>\n<\/div>\n<\/div>\n<\/div>\n\n\n\n<p><\/p>","protected":false},"excerpt":{"rendered":"<p>Our Service Areas Your order can be picked up at our home bakery in Chamb\u00e9sy. Should you wish to have it safely delivered at the venue of your choice, the following fees will apply: Geneva and Ferney-Voltaire CHF 5 weekdays CHF 7.50 weekends Greater Geneva within 10km CHF 10 weekdays CHF 15 weekends Greater Geneva [&hellip;]<\/p>\n","protected":false},"author":1,"featured_media":0,"parent":0,"menu_order":0,"comment_status":"closed","ping_status":"closed","template":"","meta":{"footnotes":""},"class_list":["post-281","page","type-page","status-publish","hentry"],"jetpack_sharing_enabled":true,"_links":{"self":[{"href":"https:\/\/gracedgrains.com\/fr\/wp-json\/wp\/v2\/pages\/281","targetHints":{"allow":["GET"]}}],"collection":[{"href":"https:\/\/gracedgrains.com\/fr\/wp-json\/wp\/v2\/pages"}],"about":[{"href":"https:\/\/gracedgrains.com\/fr\/wp-json\/wp\/v2\/types\/page"}],"author":[{"embeddable":true,"href":"https:\/\/gracedgrains.com\/fr\/wp-json\/wp\/v2\/users\/1"}],"replies":[{"embeddable":true,"href":"https:\/\/gracedgrains.com\/fr\/wp-json\/wp\/v2\/comments?post=281"}],"version-history":[{"count":2,"href":"https:\/\/gracedgrains.com\/fr\/wp-json\/wp\/v2\/pages\/281\/revisions"}],"predecessor-version":[{"id":321,"href":"https:\/\/gracedgrains.com\/fr\/wp-json\/wp\/v2\/pages\/281\/revisions\/321"}],"wp:attachment":[{"href":"https:\/\/gracedgrains.com\/fr\/wp-json\/wp\/v2\/media?parent=281"}],"curies":[{"name":"wp","href":"https:\/\/api.w.org\/{rel}","templated":true}]}}