{"id":285,"date":"2025-03-25T01:46:48","date_gmt":"2025-03-25T00:46:48","guid":{"rendered":"https:\/\/gracedgrains.com\/?page_id=285"},"modified":"2025-04-01T15:48:04","modified_gmt":"2025-04-01T13:48:04","slug":"workshops","status":"publish","type":"page","link":"https:\/\/gracedgrains.com\/fr\/workshops\/","title":{"rendered":"Ateliers"},"content":{"rendered":"<h1 class=\"wp-block-heading\">Rejoignez l&#039;amour<\/h1>\n\n\n\n<p>Chez graceDgrains, on adore quand tout le monde met la main \u00e0 la p\u00e2te ! Les ateliers sont l&#039;occasion id\u00e9ale pour d\u00e9couvrir des astuces de p\u00e2tisserie et s&#039;amuser en attendant avec impatience le r\u00e9sultat ! <\/p>\n\n\n\n<figure class=\"wp-block-image\"><img loading=\"lazy\" decoding=\"async\" width=\"1080\" height=\"720\" src=\"https:\/\/gracedgrains.com\/wp-content\/uploads\/2025\/03\/image-27.jpg\" alt=\"\" class=\"wp-image-335\" srcset=\"https:\/\/gracedgrains.com\/wp-content\/uploads\/2025\/03\/image-27.jpg 1080w, https:\/\/gracedgrains.com\/wp-content\/uploads\/2025\/03\/image-27-300x200.jpg 300w, https:\/\/gracedgrains.com\/wp-content\/uploads\/2025\/03\/image-27-1024x683.jpg 1024w, https:\/\/gracedgrains.com\/wp-content\/uploads\/2025\/03\/image-27-768x512.jpg 768w, https:\/\/gracedgrains.com\/wp-content\/uploads\/2025\/03\/image-27-600x400.jpg 600w\" sizes=\"auto, (max-width: 1080px) 100vw, 1080px\" \/><\/figure>\n\n\n\n<p>Rejoignez-nous \u00e0 l&#039;une des dates ci-dessous \u2013 \u00e0 venir ! ou <a href=\"\/fr\/contact-us\/\">contactez-nous<\/a> organiser un \u00e9v\u00e9nement !<\/p>","protected":false},"excerpt":{"rendered":"<p>Join the Love At graceDgrains we love when everybody has a finger in the pie! Workshops are the perfect setting to learn about baking tricks and having fun in the magical anticipation of what will come out of the oven! Join us on one of the dates below &#8211; coming soon! or contact us to [&hellip;]<\/p>\n","protected":false},"author":1,"featured_media":0,"parent":0,"menu_order":0,"comment_status":"closed","ping_status":"closed","template":"","meta":{"footnotes":""},"class_list":["post-285","page","type-page","status-publish","hentry"],"jetpack_sharing_enabled":true,"_links":{"self":[{"href":"https:\/\/gracedgrains.com\/fr\/wp-json\/wp\/v2\/pages\/285","targetHints":{"allow":["GET"]}}],"collection":[{"href":"https:\/\/gracedgrains.com\/fr\/wp-json\/wp\/v2\/pages"}],"about":[{"href":"https:\/\/gracedgrains.com\/fr\/wp-json\/wp\/v2\/types\/page"}],"author":[{"embeddable":true,"href":"https:\/\/gracedgrains.com\/fr\/wp-json\/wp\/v2\/users\/1"}],"replies":[{"embeddable":true,"href":"https:\/\/gracedgrains.com\/fr\/wp-json\/wp\/v2\/comments?post=285"}],"version-history":[{"count":6,"href":"https:\/\/gracedgrains.com\/fr\/wp-json\/wp\/v2\/pages\/285\/revisions"}],"predecessor-version":[{"id":449,"href":"https:\/\/gracedgrains.com\/fr\/wp-json\/wp\/v2\/pages\/285\/revisions\/449"}],"wp:attachment":[{"href":"https:\/\/gracedgrains.com\/fr\/wp-json\/wp\/v2\/media?parent=285"}],"curies":[{"name":"wp","href":"https:\/\/api.w.org\/{rel}","templated":true}]}}