{"id":287,"date":"2025-04-01T01:17:22","date_gmt":"2025-03-31T23:17:22","guid":{"rendered":"https:\/\/gracedgrains.com\/?page_id=287"},"modified":"2025-04-01T23:37:35","modified_gmt":"2025-04-01T21:37:35","slug":"event-management","status":"publish","type":"page","link":"https:\/\/gracedgrains.com\/fr\/event-management\/","title":{"rendered":"\u00c9v\u00e9nementiel"},"content":{"rendered":"<h1 class=\"wp-block-heading\">\u00c9v\u00e9nementiel<\/h1>\n\n\n\n<p>Chez graceDgrains, la nourriture est plus qu&#039;une simple subsistance - c&#039;est&nbsp;<em class=\"\">convivialit\u00e9<\/em>, la joie de partager des repas et de cr\u00e9er des liens forts. Les douceurs sont non seulement d\u00e9licieuses, mais elles apaisent aussi le c\u0153ur, apportant r\u00e9confort et bonheur \u00e0 toute r\u00e9union.<\/p>\n\n\n\n<figure class=\"wp-block-image size-large\"><img loading=\"lazy\" decoding=\"async\" width=\"683\" height=\"1024\" src=\"https:\/\/gracedgrains.com\/wp-content\/uploads\/2025\/03\/pexels-photo-1748863-683x1024.jpeg\" alt=\"selective focus photo of pastries on table\" class=\"wp-image-428\" style=\"aspect-ratio:16\/9;object-fit:cover\" srcset=\"https:\/\/gracedgrains.com\/wp-content\/uploads\/2025\/03\/pexels-photo-1748863-683x1024.jpeg 683w, https:\/\/gracedgrains.com\/wp-content\/uploads\/2025\/03\/pexels-photo-1748863-200x300.jpeg 200w, https:\/\/gracedgrains.com\/wp-content\/uploads\/2025\/03\/pexels-photo-1748863-768x1152.jpeg 768w, https:\/\/gracedgrains.com\/wp-content\/uploads\/2025\/03\/pexels-photo-1748863.jpeg 867w\" sizes=\"auto, (max-width: 683px) 100vw, 683px\" \/><\/figure>\n\n\n\n<p>Nous comprenons qu'organiser un \u00e9v\u00e9nement ne se r\u00e9sume pas \u00e0 la pr\u00e9paration des repas\u00a0; il s'agit de cr\u00e9er une exp\u00e9rience unique. Forts d'une solide exp\u00e9rience en gestion d'\u00e9v\u00e9nements professionnels avant de nous consacrer \u00e0 la famille et graceDgrains, nous apportons une expertise approfondie des aspects culinaires et organisationnels des \u00e9v\u00e9nements. De la planification \u00e0 la logistique, en passant par la garantie d'un alignement parfait des moindres d\u00e9tails, notre solide exp\u00e9rience garantit que chaque \u00e9v\u00e9nement sera m\u00e9morable.<\/p>\n\n\n\n<p>graceDgrains allie la chaleur d'une p\u00e2tisserie maison \u00e0 la pr\u00e9cision d'une organisation \u00e9v\u00e9nementielle professionnelle, offrant non seulement des mets d\u00e9licieux, mais aussi une coordination impeccable. Qu'il s'agisse d'une petite f\u00eate de famille ou d'un grand rassemblement, nous sommes l\u00e0 pour vous apporter de la joie gr\u00e2ce \u00e0 nos plats et \u00e0 une ex\u00e9cution impeccable\u00a0! <a href=\"https:\/\/gracedgrains.com\/fr\/contact-us\/\" data-type=\"page\" data-id=\"200\">Contactez-nous<\/a> et nous organiserons votre \u00e9v\u00e9nement parfait.<\/p>","protected":false},"excerpt":{"rendered":"<p>Event Management At graceDgrains, food is more than just sustenance &#8211; it is&nbsp;conviviality, the joy of sharing meals and creating meaningful connections. Sweet treats are not only delicious but serve as a balm for the heart, bringing comfort and happiness to any gathering. We understand that hosting an event goes beyond preparing food; it\u2019s about [&hellip;]<\/p>\n","protected":false},"author":1,"featured_media":428,"parent":0,"menu_order":0,"comment_status":"closed","ping_status":"closed","template":"","meta":{"footnotes":""},"class_list":["post-287","page","type-page","status-publish","has-post-thumbnail","hentry"],"jetpack_sharing_enabled":true,"_links":{"self":[{"href":"https:\/\/gracedgrains.com\/fr\/wp-json\/wp\/v2\/pages\/287","targetHints":{"allow":["GET"]}}],"collection":[{"href":"https:\/\/gracedgrains.com\/fr\/wp-json\/wp\/v2\/pages"}],"about":[{"href":"https:\/\/gracedgrains.com\/fr\/wp-json\/wp\/v2\/types\/page"}],"author":[{"embeddable":true,"href":"https:\/\/gracedgrains.com\/fr\/wp-json\/wp\/v2\/users\/1"}],"replies":[{"embeddable":true,"href":"https:\/\/gracedgrains.com\/fr\/wp-json\/wp\/v2\/comments?post=287"}],"version-history":[{"count":4,"href":"https:\/\/gracedgrains.com\/fr\/wp-json\/wp\/v2\/pages\/287\/revisions"}],"predecessor-version":[{"id":537,"href":"https:\/\/gracedgrains.com\/fr\/wp-json\/wp\/v2\/pages\/287\/revisions\/537"}],"wp:featuredmedia":[{"embeddable":true,"href":"https:\/\/gracedgrains.com\/fr\/wp-json\/wp\/v2\/media\/428"}],"wp:attachment":[{"href":"https:\/\/gracedgrains.com\/fr\/wp-json\/wp\/v2\/media?parent=287"}],"curies":[{"name":"wp","href":"https:\/\/api.w.org\/{rel}","templated":true}]}}