{"id":289,"date":"2025-03-25T10:53:58","date_gmt":"2025-03-25T09:53:58","guid":{"rendered":"https:\/\/gracedgrains.com\/?page_id=289"},"modified":"2025-03-25T17:29:19","modified_gmt":"2025-03-25T16:29:19","slug":"ingredients","status":"publish","type":"page","link":"https:\/\/gracedgrains.com\/fr\/ingredients\/","title":{"rendered":"Ingr\u00e9dients"},"content":{"rendered":"<h1 class=\"wp-block-heading\">Ingr\u00e9dients<\/h1>\n\n\n\n<p>Nos ingr\u00e9dients de pr\u00e9dilection ont une faible teneur en <span title=\"L&#039;index glyc\u00e9mique (IG) mesure la rapidit\u00e9 avec laquelle un aliment contenant des glucides augmente la glyc\u00e9mie. Les aliments \u00e0 IG plus faible sont dig\u00e9r\u00e9s et absorb\u00e9s plus lentement, ce qui entra\u00eene une augmentation plus progressive de la glyc\u00e9mie.\"><u>index glyc\u00e9mique<\/u><\/span>, sont frais et biologiques.<\/p>\n\n\n\n<p>Toutes les recettes ont \u00e9t\u00e9 soigneusement \u00e9quilibr\u00e9es pour en tenir compte : nos produits sont le r\u00e9sultat d&#039;innombrables exp\u00e9riences, d&#039;une patience infinie et de beaucoup d&#039;amour pour offrir l&#039;exp\u00e9rience la plus saine et la plus exquise \u00e0 nos clients !<\/p>\n\n\n\n<p>Chaque livraison comprend la liste des ingr\u00e9dients.<\/p>\n\n\n\n<details class=\"wp-block-details is-layout-flow wp-block-details-is-layout-flow\"><summary>Farine<\/summary>\n<p>La farine est une poudre finement moulue, issue de c\u00e9r\u00e9ales, de graines ou de racines, couramment utilis\u00e9e comme ingr\u00e9dient de base en cuisine et en p\u00e2tisserie. Elle sert de base \u00e0 une grande vari\u00e9t\u00e9 de recettes, notamment pour le pain, les g\u00e2teaux, les p\u00e2tisseries et les sauces.<\/p>\n\n\n\n<p>La farine de bl\u00e9 est la plus courante. Elle contient du gluten, une prot\u00e9ine qui conf\u00e8re \u00e9lasticit\u00e9 et structure aux produits de boulangerie. D&#039;autres vari\u00e9t\u00e9s, comme la farine d&#039;amande, la farine de noix de coco et la farine de riz, r\u00e9pondent \u00e0 des besoins alimentaires ou des pr\u00e9f\u00e9rences gustatives sp\u00e9cifiques. <\/p>\n\n\n\n<p>Chez GraceDGrains, nous sommes fiers de proposer de la farine issue de c\u00e9r\u00e9ales anciennes, r\u00e9put\u00e9es pour leur richesse nutritionnelle et leurs saveurs intenses. Inalt\u00e9r\u00e9es depuis des si\u00e8cles, ces c\u00e9r\u00e9ales anciennes conservent leurs qualit\u00e9s naturelles et constituent une excellente source de fibres, de prot\u00e9ines et de nutriments essentiels.<\/p>\n\n\n\n<p>Notre engagement envers les m\u00e9thodes traditionnelles inclut la mouture \u00e0 la pierre, un proc\u00e9d\u00e9 qui pr\u00e9serve l&#039;int\u00e9grit\u00e9 du grain. Contrairement au broyage moderne \u00e0 grande vitesse, la mouture \u00e0 la pierre pr\u00e9serve le germe, le son et l&#039;endosperme, garantissant ainsi un produit final sain. Cette m\u00e9thode contribue \u00e9galement \u00e0 un indice glyc\u00e9mique plus bas, car la farine conserve ses fibres naturelles et r\u00e9siste aux pics de glyc\u00e9mie rapides. En choisissant une farine de c\u00e9r\u00e9ales anciennes moulue \u00e0 la pierre, vous optez non seulement pour une meilleure sant\u00e9, mais aussi pour le go\u00fbt de la tradition.<\/p>\n<\/details>\n\n\n\n<details class=\"wp-block-details is-layout-flow wp-block-details-is-layout-flow\"><summary>Sucre<\/summary>\n<p>Le sucre est une source courante de sucre dans notre alimentation, mais tous les sucres n&#039;ont pas le m\u00eame effet sur l&#039;organisme. Parmi les diff\u00e9rents types de sucre, le fructose se distingue par son faible indice glyc\u00e9mique. <\/p>\n\n\n\n<p class=\"p1\">Le fructose, un sucre naturellement pr\u00e9sent dans les fruits, le miel et certains l\u00e9gumes, a un IG nettement inf\u00e9rieur \u00e0 celui d&#039;autres sucres comme le glucose ou le saccharose. Il constitue donc un choix potentiellement plus judicieux pour ceux qui cherchent \u00e0 g\u00e9rer leur glyc\u00e9mie ou \u00e0 maintenir une \u00e9nergie constante tout au long de la journ\u00e9e. Contrairement au glucose, le fructose est principalement m\u00e9tabolis\u00e9 par le foie et ne provoque pas de pic rapide d&#039;insuline. Par cons\u00e9quent, son impact imm\u00e9diat sur la glyc\u00e9mie est moindre.<\/p>\n\n\n\n<p>Chez graceDgrains, nous pr\u00e9f\u00e9rons de loin le fructose et l&#039;utilisons pour remplacer le saccharose dans presque toutes nos recettes.<\/p>\n<\/details>\n\n\n\n<details class=\"wp-block-details is-layout-flow wp-block-details-is-layout-flow\"><summary>\u0152ufs<\/summary>\n<p>Chez graceDgrains, nous nous approvisionnons en \u0153ufs aupr\u00e8s de fermes biologiques locales au pied du Jura\u00a0: les \u0153ufs proviennent de poules \u00e9lev\u00e9es dans des conditions plus respectueuses de l&#039;environnement. Elles sont g\u00e9n\u00e9ralement \u00e9lev\u00e9es en libert\u00e9 et ont acc\u00e8s \u00e0 des espaces ext\u00e9rieurs, ce qui leur permet de se d\u00e9placer librement et de se nourrir, contribuant ainsi \u00e0 la sant\u00e9 des \u0153ufs.<\/p>\n\n\n\n<p>Sur le plan nutritionnel, les \u0153ufs bio sont souvent plus riches en nutriments essentiels tels que les acides gras om\u00e9ga-3, les vitamines A et E et les antioxydants. Cela s&#039;explique en grande partie par l&#039;alimentation des poules, compos\u00e9e d&#039;aliments biologiques exempts de pesticides, d&#039;herbicides et d&#039;organismes g\u00e9n\u00e9tiquement modifi\u00e9s (OGM) de synth\u00e8se. De plus, les \u0153ufs bio sont exempts d&#039;antibiotiques et d&#039;hormones, ce qui garantit aux consommateurs une protection contre les risques potentiels pour la sant\u00e9 li\u00e9s \u00e0 ces substances.<\/p>\n<\/details>\n\n\n\n<details class=\"wp-block-details is-layout-flow wp-block-details-is-layout-flow\"><summary>Cr\u00e8me \u00e9paisse<\/summary>\n<p>Chez graceDgrains, nous privil\u00e9gions la cr\u00e8me \u00e9paisse au lait, car leurs profils nutritionnels diff\u00e8rent consid\u00e9rablement, ce qui peut influencer leurs effets sur la glyc\u00e9mie et l&#039;index glyc\u00e9mique. La cr\u00e8me \u00e9paisse est plus faible en glucides. Le lait contient du lactose, un sucre naturel, ce qui contribue \u00e0 son index glyc\u00e9mique plus \u00e9lev\u00e9 que la cr\u00e8me \u00e9paisse. La cr\u00e8me \u00e9paisse, quant \u00e0 elle, est principalement compos\u00e9e de mati\u00e8res grasses et contient peu de glucides, ce qui en fait une meilleure option pour ceux qui cherchent \u00e0 g\u00e9rer leur glyc\u00e9mie ou \u00e0 minimiser leur impact glyc\u00e9mique.<\/p>\n\n\n\n<p>La teneur \u00e9lev\u00e9e en mati\u00e8res grasses de la cr\u00e8me \u00e9paisse ralentit \u00e9galement la digestion, ce qui contribue \u00e0 stabiliser la glyc\u00e9mie et \u00e0 r\u00e9duire les pics de sucre. De plus, la cr\u00e8me \u00e9paisse contient moins de lactose que le lait ordinaire, ce qui en fait une meilleure option pour les personnes intol\u00e9rantes au lactose.<\/p>\n\n\n\n<p>La cr\u00e8me \u00e9paisse que nous utilisons est sans carragh\u00e9nane (E407).<\/p>\n<\/details>\n\n\n\n<details class=\"wp-block-details is-layout-flow wp-block-details-is-layout-flow\"><summary>Beurre<\/summary>\n<p>Chez graceDgrains, nous fabriquons notre propre beurre \u00e0 partir de cr\u00e8me fra\u00eeche \u00e9paisse et froide, garantissant ainsi un produit naturel et sain. Sans additifs ni conservateurs, il offre un go\u00fbt cr\u00e9meux et cors\u00e9.<\/p>\n<\/details>\n\n\n\n<details class=\"wp-block-details is-layout-flow wp-block-details-is-layout-flow\"><summary>Huile v\u00e9g\u00e9tale<\/summary>\n<p>Chez graceDgrains, nous avons test\u00e9 et retenu l&#039;huile v\u00e9g\u00e9tale comme une option valable dans de nombreuses recettes : elle aide \u00e0 retenir l&#039;humidit\u00e9 dans les produits de boulangerie, ce qui donne une texture plus douce et plus tendre et contribue \u00e0 une structure de mie lisse et uniforme, am\u00e9liorant la sensation en bouche g\u00e9n\u00e9rale des produits de boulangerie.<\/p>\n\n\n\n<p>Par rapport aux graisses solides, les huiles v\u00e9g\u00e9tales contiennent souvent moins de graisses satur\u00e9es et plus de graisses insatur\u00e9es, ce qui en fait un choix plus sain.<\/p>\n<\/details>\n\n\n\n<details class=\"wp-block-details is-layout-flow wp-block-details-is-layout-flow\"><summary>Additifs<\/summary>\n<p>Les deux seuls additifs chimiques que nous utilisons pour la cuisson sont la levure chimique et le bicarbonate de soude, provenant de fournisseurs certifi\u00e9s.<\/p>\n\n\n\n<p>Comme nos produits sont fabriqu\u00e9s sur commande, nous n&#039;utilisons aucun conservateur dans les produits de boulangerie.<\/p>\n\n\n\n<p>Nos colorants alimentaires pr\u00e9f\u00e9r\u00e9s sont naturels et nous appliquons des proc\u00e9d\u00e9s m\u00e9caniques pour obtenir des couleurs \u00e9clatantes.<\/p>\n\n\n\n<p>Afin de r\u00e9pondre aux exigences sp\u00e9cifiques des clients, nous pouvons utiliser des colorants alimentaires commerciaux. <\/p>\n\n\n\n<p>Nous travaillons actuellement \u00e0 la mise au point d&#039;une recette de fondant maison, exclusivement \u00e0 base d&#039;ingr\u00e9dients naturels. Priv\u00e9s d&#039;exp\u00e9rimentations et soucieux de garantir des produits de la plus haute qualit\u00e9, nous utiliserons en attendant du fondant commercial.<\/p>\n<\/details>\n\n\n\n<p>N&#039;h\u00e9sitez pas \u00e0 <a href=\"\/fr\/contact-us\/\">contactez-nous<\/a> en cas d&#039;allergies alimentaires ou toute autre question li\u00e9e aux ingr\u00e9dients.<\/p>\n\n\n\n<p>Avertissement\u00a0: Nous ne sommes pas des m\u00e9decins sp\u00e9cialistes et ne fournissons aucun conseil m\u00e9dical. L&#039;utilisation de nos ingr\u00e9dients est bas\u00e9e uniquement sur notre exp\u00e9rience et nos observations personnelles. Veuillez consulter un professionnel de sant\u00e9 pour tout probl\u00e8me de sant\u00e9.<\/p>","protected":false},"excerpt":{"rendered":"<p>Ingredients Our go-to ingredients have low glycemic index, are fresh and organic. All recipes have been accurately balanced to factor them in: our products are the result of countless experiments, endless patience and lots of love to deliver the healthiest and most exquisite experience to our customers! Each delivery includes the list of ingredients. Do [&hellip;]<\/p>\n","protected":false},"author":1,"featured_media":0,"parent":0,"menu_order":0,"comment_status":"closed","ping_status":"closed","template":"","meta":{"footnotes":""},"class_list":["post-289","page","type-page","status-publish","hentry"],"jetpack_sharing_enabled":true,"_links":{"self":[{"href":"https:\/\/gracedgrains.com\/fr\/wp-json\/wp\/v2\/pages\/289","targetHints":{"allow":["GET"]}}],"collection":[{"href":"https:\/\/gracedgrains.com\/fr\/wp-json\/wp\/v2\/pages"}],"about":[{"href":"https:\/\/gracedgrains.com\/fr\/wp-json\/wp\/v2\/types\/page"}],"author":[{"embeddable":true,"href":"https:\/\/gracedgrains.com\/fr\/wp-json\/wp\/v2\/users\/1"}],"replies":[{"embeddable":true,"href":"https:\/\/gracedgrains.com\/fr\/wp-json\/wp\/v2\/comments?post=289"}],"version-history":[{"count":18,"href":"https:\/\/gracedgrains.com\/fr\/wp-json\/wp\/v2\/pages\/289\/revisions"}],"predecessor-version":[{"id":380,"href":"https:\/\/gracedgrains.com\/fr\/wp-json\/wp\/v2\/pages\/289\/revisions\/380"}],"wp:attachment":[{"href":"https:\/\/gracedgrains.com\/fr\/wp-json\/wp\/v2\/media?parent=289"}],"curies":[{"name":"wp","href":"https:\/\/api.w.org\/{rel}","templated":true}]}}