{"id":418,"date":"2025-03-26T13:41:08","date_gmt":"2025-03-26T12:41:08","guid":{"rendered":"https:\/\/gracedgrains.com\/?page_id=418"},"modified":"2025-04-01T23:36:43","modified_gmt":"2025-04-01T21:36:43","slug":"special-requests","status":"publish","type":"page","link":"https:\/\/gracedgrains.com\/fr\/products\/special-requests\/","title":{"rendered":"Demandes sp\u00e9cifiques"},"content":{"rendered":"<h1 class=\"wp-block-heading\">Adapt\u00e9 \u00e0 votre \u00e9v\u00e9nement<\/h1>\n\n\n\n<p>Bien que notre principale passion chez graceDgrains r\u00e9side dans la cr\u00e9ation de d\u00e9licieuses friandises sucr\u00e9es \u2013 g\u00e2teaux, tartes et cupcakes \u2013 nous aimons \u00e9galement le d\u00e9fi de cr\u00e9er des menus personnalis\u00e9s pour des occasions sp\u00e9ciales.<\/p>\n\n\n\n<p>Que vous organisiez une f\u00eate d&#039;anniversaire, un \u00e9v\u00e9nement familial, un mariage ou un \u00e9v\u00e9nement d&#039;entreprise, nous pouvons vous aider \u00e0 concevoir un buffet qui compl\u00e8te parfaitement votre th\u00e8me et vos pr\u00e9f\u00e9rences gustatives.<\/p>\n\n\n\n<figure class=\"wp-block-image size-large\"><img loading=\"lazy\" decoding=\"async\" width=\"1024\" height=\"682\" src=\"https:\/\/gracedgrains.com\/wp-content\/uploads\/2025\/04\/image-4-1024x682.jpeg\" alt=\"\" class=\"wp-image-507\" srcset=\"https:\/\/gracedgrains.com\/wp-content\/uploads\/2025\/04\/image-4-1024x682.jpeg 1024w, https:\/\/gracedgrains.com\/wp-content\/uploads\/2025\/04\/image-4-300x200.jpeg 300w, https:\/\/gracedgrains.com\/wp-content\/uploads\/2025\/04\/image-4-768x512.jpeg 768w, https:\/\/gracedgrains.com\/wp-content\/uploads\/2025\/04\/image-4-1536x1024.jpeg 1536w, https:\/\/gracedgrains.com\/wp-content\/uploads\/2025\/04\/image-4.jpeg 1880w\" sizes=\"auto, (max-width: 1024px) 100vw, 1024px\" \/><\/figure>\n\n\n\n<p><\/p>\n\n\n\n<div class=\"wp-block-group is-vertical is-layout-flex wp-container-core-group-is-layout-fe9cc265 wp-block-group-is-layout-flex\">\n<h2 class=\"wp-block-heading\">D\u00e9lices sal\u00e9s<\/h2>\n\n\n\n<p>Envie d&#039;autre chose que des desserts\u00a0? Nous sommes ravis de r\u00e9pondre \u00e0 vos demandes de gourmandises sal\u00e9es, comme des quiches, des focaccias ou des amuse-gueules. Nos racines italiennes inspirent nombre de nos cr\u00e9ations, mais nous aimons aussi exp\u00e9rimenter avec les saveurs et les techniques des cuisines du monde entier.<\/p>\n<\/div>\n\n\n\n<div class=\"wp-block-columns are-vertically-aligned-center is-layout-flex wp-container-core-columns-is-layout-28f84493 wp-block-columns-is-layout-flex\">\n<div class=\"wp-block-column is-vertically-aligned-center is-layout-flow wp-block-column-is-layout-flow\" style=\"flex-basis:50%\">\n<div class=\"wp-block-group has-global-padding is-layout-constrained wp-block-group-is-layout-constrained\">\n<figure class=\"wp-block-image size-full\"><img loading=\"lazy\" decoding=\"async\" width=\"1526\" height=\"1019\" src=\"https:\/\/gracedgrains.com\/wp-content\/uploads\/2025\/04\/pexels-photo-15120599-edited.jpeg\" alt=\"food on a table\" class=\"wp-image-526\" srcset=\"https:\/\/gracedgrains.com\/wp-content\/uploads\/2025\/04\/pexels-photo-15120599-edited.jpeg 1526w, https:\/\/gracedgrains.com\/wp-content\/uploads\/2025\/04\/pexels-photo-15120599-edited-300x200.jpeg 300w, https:\/\/gracedgrains.com\/wp-content\/uploads\/2025\/04\/pexels-photo-15120599-edited-1024x684.jpeg 1024w, https:\/\/gracedgrains.com\/wp-content\/uploads\/2025\/04\/pexels-photo-15120599-edited-768x513.jpeg 768w\" sizes=\"auto, (max-width: 1526px) 100vw, 1526px\" \/><\/figure>\n<\/div>\n\n\n\n<div class=\"wp-block-group has-global-padding is-layout-constrained wp-block-group-is-layout-constrained\">\n<div class=\"wp-block-group has-global-padding is-layout-constrained wp-block-group-is-layout-constrained\">\n<figure class=\"wp-block-image size-full\"><img loading=\"lazy\" decoding=\"async\" width=\"865\" height=\"1300\" src=\"https:\/\/gracedgrains.com\/wp-content\/uploads\/2025\/03\/pexels-photo-24407361.jpeg\" alt=\"homemade snacks served on table\" class=\"wp-image-525\" style=\"aspect-ratio:4\/3;object-fit:cover\" srcset=\"https:\/\/gracedgrains.com\/wp-content\/uploads\/2025\/03\/pexels-photo-24407361.jpeg 865w, https:\/\/gracedgrains.com\/wp-content\/uploads\/2025\/03\/pexels-photo-24407361-200x300.jpeg 200w, https:\/\/gracedgrains.com\/wp-content\/uploads\/2025\/03\/pexels-photo-24407361-681x1024.jpeg 681w, https:\/\/gracedgrains.com\/wp-content\/uploads\/2025\/03\/pexels-photo-24407361-768x1154.jpeg 768w\" sizes=\"auto, (max-width: 865px) 100vw, 865px\" \/><\/figure>\n<\/div>\n<\/div>\n<\/div>\n\n\n\n<div class=\"wp-block-column is-vertically-aligned-center is-layout-flow wp-block-column-is-layout-flow\" style=\"flex-basis:50%\">\n<div class=\"wp-block-group has-global-padding is-layout-constrained wp-block-group-is-layout-constrained\">\n<figure class=\"wp-block-image size-large\"><img loading=\"lazy\" decoding=\"async\" width=\"683\" height=\"1024\" src=\"https:\/\/gracedgrains.com\/wp-content\/uploads\/2025\/03\/pexels-photo-5848248-683x1024.jpeg\" alt=\"person holding sliced pizza\" class=\"wp-image-524\" srcset=\"https:\/\/gracedgrains.com\/wp-content\/uploads\/2025\/03\/pexels-photo-5848248-683x1024.jpeg 683w, https:\/\/gracedgrains.com\/wp-content\/uploads\/2025\/03\/pexels-photo-5848248-200x300.jpeg 200w, https:\/\/gracedgrains.com\/wp-content\/uploads\/2025\/03\/pexels-photo-5848248-768x1152.jpeg 768w, https:\/\/gracedgrains.com\/wp-content\/uploads\/2025\/03\/pexels-photo-5848248.jpeg 867w\" sizes=\"auto, (max-width: 683px) 100vw, 683px\" \/><\/figure>\n<\/div>\n<\/div>\n<\/div>\n\n\n\n<p><\/p>\n\n\n\n<h2 class=\"wp-block-heading\">Cr\u00e9ons ensemble<\/h2>\n\n\n\n<p>Chaque moment est unique et nous sommes l\u00e0 pour le rendre m\u00e9morable avec des options personnalis\u00e9es qui refl\u00e8tent votre vision. <a href=\"\/fr\/contact-us\/\">Contactez-nous<\/a> pour parler de la fa\u00e7on dont nous pouvons m\u00e9langer la tradition, la cr\u00e9ativit\u00e9 et vos saveurs pr\u00e9f\u00e9r\u00e9es dans un produit ou un menu vraiment sp\u00e9cial !<\/p>","protected":false},"excerpt":{"rendered":"<p>Tailored to Your Event While our main passion at graceDgrains lies in creating delightful sweet treats &#8211; cakes, tarts, and cupcakes &#8211; we also love the challenge of crafting custom menus for special occasions. Whether you&#8217;re hosting a birthday party, family event, wedding, or corporate event, we can help you design a buffet that perfectly [&hellip;]<\/p>\n","protected":false},"author":1,"featured_media":507,"parent":176,"menu_order":0,"comment_status":"closed","ping_status":"closed","template":"","meta":{"footnotes":""},"class_list":["post-418","page","type-page","status-publish","has-post-thumbnail","hentry"],"jetpack_sharing_enabled":true,"_links":{"self":[{"href":"https:\/\/gracedgrains.com\/fr\/wp-json\/wp\/v2\/pages\/418","targetHints":{"allow":["GET"]}}],"collection":[{"href":"https:\/\/gracedgrains.com\/fr\/wp-json\/wp\/v2\/pages"}],"about":[{"href":"https:\/\/gracedgrains.com\/fr\/wp-json\/wp\/v2\/types\/page"}],"author":[{"embeddable":true,"href":"https:\/\/gracedgrains.com\/fr\/wp-json\/wp\/v2\/users\/1"}],"replies":[{"embeddable":true,"href":"https:\/\/gracedgrains.com\/fr\/wp-json\/wp\/v2\/comments?post=418"}],"version-history":[{"count":12,"href":"https:\/\/gracedgrains.com\/fr\/wp-json\/wp\/v2\/pages\/418\/revisions"}],"predecessor-version":[{"id":541,"href":"https:\/\/gracedgrains.com\/fr\/wp-json\/wp\/v2\/pages\/418\/revisions\/541"}],"up":[{"embeddable":true,"href":"https:\/\/gracedgrains.com\/fr\/wp-json\/wp\/v2\/pages\/176"}],"wp:featuredmedia":[{"embeddable":true,"href":"https:\/\/gracedgrains.com\/fr\/wp-json\/wp\/v2\/media\/507"}],"wp:attachment":[{"href":"https:\/\/gracedgrains.com\/fr\/wp-json\/wp\/v2\/media?parent=418"}],"curies":[{"name":"wp","href":"https:\/\/api.w.org\/{rel}","templated":true}]}}