{"id":48,"date":"2025-03-22T07:09:11","date_gmt":"2025-03-22T07:09:11","guid":{"rendered":"https:\/\/gracedgrains.com\/?page_id=48"},"modified":"2025-05-30T15:22:55","modified_gmt":"2025-05-30T13:22:55","slug":"gracedgrains","status":"publish","type":"page","link":"https:\/\/gracedgrains.com\/fr\/","title":{"rendered":"graceDgrains"},"content":{"rendered":"<div class=\"wp-block-group alignfull has-background-background-color has-background has-global-padding is-layout-constrained wp-container-core-group-is-layout-ab92b0a4 wp-block-group-is-layout-constrained\" style=\"margin-top:0;margin-bottom:0;padding-top:var(--wp--preset--spacing--30);padding-right:var(--wp--preset--spacing--30);padding-bottom:var(--wp--preset--spacing--60);padding-left:var(--wp--preset--spacing--30)\">\n<div class=\"wp-block-columns alignwide is-layout-flex wp-container-core-columns-is-layout-0debf45c wp-block-columns-is-layout-flex\" style=\"margin-top:0;margin-bottom:0;padding-right:0;padding-left:0\">\n<div class=\"wp-block-column is-vertically-aligned-center is-layout-flow wp-block-column-is-layout-flow\">\n<figure class=\"wp-block-image aligncenter size-full is-style-default\" style=\"margin-right:var(--wp--preset--spacing--20);margin-left:var(--wp--preset--spacing--20)\"><img loading=\"lazy\" decoding=\"async\" width=\"1880\" height=\"1255\" src=\"https:\/\/gracedgrains.com\/wp-content\/uploads\/2025\/03\/pexels-photo-3952054.jpeg\" alt=\"composition of baking ingredients\" class=\"wp-image-512\" srcset=\"https:\/\/gracedgrains.com\/wp-content\/uploads\/2025\/03\/pexels-photo-3952054.jpeg 1880w, https:\/\/gracedgrains.com\/wp-content\/uploads\/2025\/03\/pexels-photo-3952054-300x200.jpeg 300w, https:\/\/gracedgrains.com\/wp-content\/uploads\/2025\/03\/pexels-photo-3952054-1024x684.jpeg 1024w, https:\/\/gracedgrains.com\/wp-content\/uploads\/2025\/03\/pexels-photo-3952054-768x513.jpeg 768w, https:\/\/gracedgrains.com\/wp-content\/uploads\/2025\/03\/pexels-photo-3952054-1536x1025.jpeg 1536w\" sizes=\"auto, (max-width: 1880px) 100vw, 1880px\" \/><\/figure>\n<\/div>\n\n\n\n<div class=\"wp-block-column is-layout-flow wp-block-column-is-layout-flow\">\n<div class=\"wp-block-group has-global-padding is-layout-constrained wp-container-core-group-is-layout-29a8626f wp-block-group-is-layout-constrained\" style=\"padding-top:0;padding-right:var(--wp--preset--spacing--20);padding-bottom:0;padding-left:var(--wp--preset--spacing--20)\">\n<h1 class=\"wp-block-heading has-text-align-center\"><br>Vos Douces Tentations, Plus Saines<\/h1>\n\n\n\n<p class=\"has-text-align-center\" style=\"margin-top:16px\">Bienvenue chez graceDgrains, o\u00f9 nous pr\u00e9parons des g\u00e2teaux, tartes et cupcakes d\u00e9licieux et uniques \u00e0 partir de c\u00e9r\u00e9ales de haute qualit\u00e9. Parfaits pour toutes les occasions sp\u00e9ciales\u00a0!<\/p>\n\n\n\n<p><\/p>\n\n\n\n<h2 class=\"wp-block-heading has-text-align-center has-large-font-size\">Ingr\u00e9dients de Premier Choix<\/h2>\n\n\n\n<p class=\"has-text-align-center\" style=\"margin-top:16px\">Faible indice glyc\u00e9mique, frais et bio : c'est la garantie que nous vous offrons avec chacun de nos produits.<\/p>\n\n\n\n<p class=\"has-text-align-center\">Nous proposons \u00e9galement des options sans gluten et sans lactose ou suivant d\u2019autres restrictions alimentaires \u2013 contactez-nous et nous aurons la solution parfaite pour vous !<\/p>\n\n\n\n<div class=\"wp-block-buttons is-content-justification-center is-layout-flex wp-container-core-buttons-is-layout-6e21085f wp-block-buttons-is-layout-flex\" style=\"margin-top:var(--wp--preset--spacing--40)\">\n<div class=\"wp-block-button\"><a class=\"wp-block-button__link wp-element-button\" href=\"https:\/\/gracedgrains.com\/fr\/products\/\">Explorez nos Produits<\/a><\/div>\n\n\n\n<div class=\"wp-block-button\"><a class=\"wp-block-button__link wp-element-button\" href=\"https:\/\/gracedgrains.com\/fr\/contact-us\/\">Nous contacter<\/a><\/div>\n<\/div>\n<\/div>\n<\/div>\n<\/div>\n<\/div>\n\n\n\n<div class=\"wp-block-group alignfull has-tertiary-background-color has-background has-global-padding is-layout-constrained wp-container-core-group-is-layout-7276a2bb wp-block-group-is-layout-constrained\" style=\"margin-top:0;margin-bottom:0;padding-top:var(--wp--preset--spacing--60);padding-right:var(--wp--preset--spacing--30);padding-bottom:var(--wp--preset--spacing--60);padding-left:var(--wp--preset--spacing--30)\">\n<div class=\"wp-block-group alignwide is-vertical is-content-justification-center is-layout-flex wp-container-core-group-is-layout-ce155fab wp-block-group-is-layout-flex\">\n<div class=\"wp-block-group alignwide has-global-padding is-content-justification-left is-layout-constrained wp-container-core-group-is-layout-8b4c372c wp-block-group-is-layout-constrained\">\n<h2 class=\"wp-block-heading has-text-align-center has-large-font-size\">Savourez notre monde d\u00e9licieux<\/h2>\n\n\n\n<p class=\"has-text-align-center\" style=\"margin-top:16px\">Plongez dans nos gourmandises et laissez-vous inspirer par nos g\u00e2teaux, cupcakes et tartes\u00a0! Suivez-nous sur <a href=\"https:\/\/www.facebook.com\/share\/1AACSxzwJz\/?mibextid=wwXIfr\">Facebook<\/a> et <a href=\"https:\/\/www.instagram.com\/gracedgrains?igsh=bmJmeWl4OHZtNzly&amp;utm_source=qr\" data-type=\"link\" data-id=\"https:\/\/www.instagram.com\/gracedgrains?igsh=bmJmeWl4OHZtNzly&amp;utm_source=qr\">Instagram<\/a> pour d\u00e9couvrir nos derni\u00e8res cr\u00e9ations. Si vous \u00eates \u00e0 Gen\u00e8ve ou dans les environs <a href=\"https:\/\/gracedgrains.com\/fr\/contact-us\/\">contactez-nous<\/a> pour commander \u00e0 emporter ou \u00e0 livrer.<\/p>\n<\/div>\n<\/div>\n\n\n\n<div class=\"wp-block-columns alignwide is-layout-flex wp-container-core-columns-is-layout-28f84493 wp-block-columns-is-layout-flex\">\n<div class=\"wp-block-column is-layout-flow wp-container-core-column-is-layout-f5bb311e wp-block-column-is-layout-flow\">\n<figure class=\"wp-block-gallery has-nested-images columns-default is-cropped wp-block-gallery-1 is-layout-flex wp-block-gallery-is-layout-flex\">\n<figure class=\"wp-block-image size-large ext-aspect-landscape extendify-image-import\"><img loading=\"lazy\" decoding=\"async\" width=\"1080\" height=\"1440\" data-id=\"95\" src=\"https:\/\/gracedgrains.com\/wp-content\/uploads\/2025\/03\/image-12.jpg\" alt=\"\" class=\"wp-image-95\" style=\"aspect-ratio:1;object-fit:cover\" srcset=\"https:\/\/gracedgrains.com\/wp-content\/uploads\/2025\/03\/image-12.jpg 1080w, https:\/\/gracedgrains.com\/wp-content\/uploads\/2025\/03\/image-12-225x300.jpg 225w, https:\/\/gracedgrains.com\/wp-content\/uploads\/2025\/03\/image-12-768x1024.jpg 768w, https:\/\/gracedgrains.com\/wp-content\/uploads\/2025\/03\/image-12-600x800.jpg 600w\" sizes=\"auto, (max-width: 1080px) 100vw, 1080px\" \/><\/figure>\n<\/figure>\n\n\n\n<figure class=\"wp-block-image ext-aspect-landscape extendify-image-import\"><img loading=\"lazy\" decoding=\"async\" width=\"1080\" height=\"810\" src=\"https:\/\/gracedgrains.com\/wp-content\/uploads\/2025\/03\/image-2.jpg\" alt=\"\" class=\"wp-image-66\" style=\"aspect-ratio:16\/9;object-fit:cover\" srcset=\"https:\/\/gracedgrains.com\/wp-content\/uploads\/2025\/03\/image-2.jpg 1080w, https:\/\/gracedgrains.com\/wp-content\/uploads\/2025\/03\/image-2-300x225.jpg 300w, https:\/\/gracedgrains.com\/wp-content\/uploads\/2025\/03\/image-2-1024x768.jpg 1024w, https:\/\/gracedgrains.com\/wp-content\/uploads\/2025\/03\/image-2-768x576.jpg 768w, https:\/\/gracedgrains.com\/wp-content\/uploads\/2025\/03\/image-2-600x450.jpg 600w\" sizes=\"auto, (max-width: 1080px) 100vw, 1080px\" \/><\/figure>\n<\/div>\n\n\n\n<div class=\"wp-block-column is-layout-flow wp-container-core-column-is-layout-f5bb311e wp-block-column-is-layout-flow\">\n<figure class=\"wp-block-image ext-aspect-landscape extendify-image-import\"><img loading=\"lazy\" decoding=\"async\" width=\"1080\" height=\"1620\" src=\"https:\/\/gracedgrains.com\/wp-content\/uploads\/2025\/03\/image-13.jpg\" alt=\"\" class=\"wp-image-96\" style=\"aspect-ratio:16\/9;object-fit:cover\" srcset=\"https:\/\/gracedgrains.com\/wp-content\/uploads\/2025\/03\/image-13.jpg 1080w, https:\/\/gracedgrains.com\/wp-content\/uploads\/2025\/03\/image-13-200x300.jpg 200w, https:\/\/gracedgrains.com\/wp-content\/uploads\/2025\/03\/image-13-683x1024.jpg 683w, https:\/\/gracedgrains.com\/wp-content\/uploads\/2025\/03\/image-13-768x1152.jpg 768w, https:\/\/gracedgrains.com\/wp-content\/uploads\/2025\/03\/image-13-1024x1536.jpg 1024w, https:\/\/gracedgrains.com\/wp-content\/uploads\/2025\/03\/image-13-600x900.jpg 600w\" sizes=\"auto, (max-width: 1080px) 100vw, 1080px\" \/><\/figure>\n\n\n\n<figure class=\"wp-block-image ext-aspect-landscape extendify-image-import\"><img loading=\"lazy\" decoding=\"async\" width=\"960\" height=\"1280\" src=\"https:\/\/gracedgrains.com\/wp-content\/uploads\/2025\/03\/photo-1621303837174-89787a7d4729.jpg\" alt=\"\" class=\"wp-image-68\" style=\"aspect-ratio:1;object-fit:cover\" srcset=\"https:\/\/gracedgrains.com\/wp-content\/uploads\/2025\/03\/photo-1621303837174-89787a7d4729.jpg 960w, https:\/\/gracedgrains.com\/wp-content\/uploads\/2025\/03\/photo-1621303837174-89787a7d4729-225x300.jpg 225w, https:\/\/gracedgrains.com\/wp-content\/uploads\/2025\/03\/photo-1621303837174-89787a7d4729-768x1024.jpg 768w, https:\/\/gracedgrains.com\/wp-content\/uploads\/2025\/03\/photo-1621303837174-89787a7d4729-600x800.jpg 600w\" sizes=\"auto, (max-width: 960px) 100vw, 960px\" \/><\/figure>\n<\/div>\n<\/div>\n<\/div>\n\n\n\n<div class=\"wp-block-group alignfull has-background-background-color has-background has-global-padding is-layout-constrained wp-container-core-group-is-layout-7276a2bb wp-block-group-is-layout-constrained\" style=\"margin-top:0;margin-bottom:0;padding-top:var(--wp--preset--spacing--60);padding-right:var(--wp--preset--spacing--30);padding-bottom:var(--wp--preset--spacing--60);padding-left:var(--wp--preset--spacing--30)\">\n<div class=\"wp-block-columns alignwide are-vertically-aligned-center is-layout-flex wp-container-core-columns-is-layout-47c06fe3 wp-block-columns-is-layout-flex\">\n<div class=\"wp-block-column is-vertically-aligned-center is-layout-flow wp-block-column-is-layout-flow\" style=\"flex-basis:33.3%\">\n<h2 class=\"wp-block-heading has-text-align-center has-large-font-size\">\u00c0 propos<\/h2>\n\n\n\n<p class=\"has-text-align-center\" style=\"margin-top:16px\">Chez graceDgrains, nous croyons en la transformation de la p\u00e2tisserie traditionnelle en une exp\u00e9rience plus saine. Fond\u00e9e dans une petite cuisine, notre aventure est n\u00e9e d'une passion pour les c\u00e9r\u00e9ales de haute qualit\u00e9 et pour les recettes exceptionnelles. Notre mission est de cr\u00e9er des p\u00e2tisseries d\u00e9licieuses et uniques pour les occasions sp\u00e9ciales, nos valeurs privil\u00e9giant la qualit\u00e9, la cr\u00e9ativit\u00e9 et la collaboration avec nos clients. Chacune de nos gourmandises est confectionn\u00e9e avec amour, garantissant une touche maison qui ravira vos papilles. C\u00e9l\u00e9brez avec nous les moments de la vie avec nos d\u00e9licieux g\u00e2teaux, tartes et cupcakes, con\u00e7us pour impressionner et (se) faire plaisir.<\/p>\n<\/div>\n\n\n\n<div class=\"wp-block-column is-vertically-aligned-center is-layout-flow wp-container-core-column-is-layout-f5bb311e wp-block-column-is-layout-flow\" style=\"flex-basis:50%\">\n<figure class=\"wp-block-gallery has-nested-images columns-default is-cropped wp-block-gallery-2 is-layout-flex wp-block-gallery-is-layout-flex\">\n<figure class=\"wp-block-image extendify-image-import\"><img loading=\"lazy\" decoding=\"async\" width=\"1080\" height=\"1462\" data-id=\"87\" src=\"https:\/\/gracedgrains.com\/wp-content\/uploads\/2025\/03\/image-7.jpg\" alt=\"\" class=\"wp-image-87\" style=\"aspect-ratio:3\/4;object-fit:cover\" srcset=\"https:\/\/gracedgrains.com\/wp-content\/uploads\/2025\/03\/image-7.jpg 1080w, https:\/\/gracedgrains.com\/wp-content\/uploads\/2025\/03\/image-7-222x300.jpg 222w, https:\/\/gracedgrains.com\/wp-content\/uploads\/2025\/03\/image-7-756x1024.jpg 756w, https:\/\/gracedgrains.com\/wp-content\/uploads\/2025\/03\/image-7-768x1040.jpg 768w, https:\/\/gracedgrains.com\/wp-content\/uploads\/2025\/03\/image-7-600x812.jpg 600w\" sizes=\"auto, (max-width: 1080px) 100vw, 1080px\" \/><\/figure>\n\n\n\n<figure class=\"wp-block-image extendify-image-import\"><img loading=\"lazy\" decoding=\"async\" width=\"1080\" height=\"1620\" data-id=\"90\" src=\"https:\/\/gracedgrains.com\/wp-content\/uploads\/2025\/03\/image-10.jpg\" alt=\"\" class=\"wp-image-90\" style=\"aspect-ratio:3\/4;object-fit:cover\" srcset=\"https:\/\/gracedgrains.com\/wp-content\/uploads\/2025\/03\/image-10.jpg 1080w, https:\/\/gracedgrains.com\/wp-content\/uploads\/2025\/03\/image-10-200x300.jpg 200w, https:\/\/gracedgrains.com\/wp-content\/uploads\/2025\/03\/image-10-683x1024.jpg 683w, https:\/\/gracedgrains.com\/wp-content\/uploads\/2025\/03\/image-10-768x1152.jpg 768w, https:\/\/gracedgrains.com\/wp-content\/uploads\/2025\/03\/image-10-1024x1536.jpg 1024w, https:\/\/gracedgrains.com\/wp-content\/uploads\/2025\/03\/image-10-600x900.jpg 600w\" sizes=\"auto, (max-width: 1080px) 100vw, 1080px\" \/><\/figure>\n\n\n\n<figure class=\"wp-block-image extendify-image-import\"><img loading=\"lazy\" decoding=\"async\" width=\"1080\" height=\"1620\" data-id=\"88\" src=\"https:\/\/gracedgrains.com\/wp-content\/uploads\/2025\/03\/image-8.jpg\" alt=\"\" class=\"wp-image-88\" style=\"aspect-ratio:3\/4;object-fit:cover\" srcset=\"https:\/\/gracedgrains.com\/wp-content\/uploads\/2025\/03\/image-8.jpg 1080w, https:\/\/gracedgrains.com\/wp-content\/uploads\/2025\/03\/image-8-200x300.jpg 200w, https:\/\/gracedgrains.com\/wp-content\/uploads\/2025\/03\/image-8-683x1024.jpg 683w, https:\/\/gracedgrains.com\/wp-content\/uploads\/2025\/03\/image-8-768x1152.jpg 768w, https:\/\/gracedgrains.com\/wp-content\/uploads\/2025\/03\/image-8-1024x1536.jpg 1024w, https:\/\/gracedgrains.com\/wp-content\/uploads\/2025\/03\/image-8-600x900.jpg 600w\" sizes=\"auto, (max-width: 1080px) 100vw, 1080px\" \/><\/figure>\n<\/figure>\n<\/div>\n<\/div>\n<\/div>\n\n\n\n<div class=\"wp-block-group alignfull has-tertiary-background-color has-background has-global-padding is-layout-constrained wp-container-core-group-is-layout-7276a2bb wp-block-group-is-layout-constrained\" style=\"margin-top:0;margin-bottom:0;padding-top:var(--wp--preset--spacing--60);padding-right:var(--wp--preset--spacing--30);padding-bottom:var(--wp--preset--spacing--60);padding-left:var(--wp--preset--spacing--30)\">\n<div class=\"wp-block-group alignwide is-vertical is-content-justification-center is-layout-flex wp-container-core-group-is-layout-ce155fab wp-block-group-is-layout-flex\">\n<div class=\"wp-block-group alignwide has-global-padding is-content-justification-left is-layout-constrained wp-container-core-group-is-layout-8b4c372c wp-block-group-is-layout-constrained\">\n<h2 class=\"wp-block-heading has-text-align-center has-large-font-size\">Faites le premier pas vers des saveurs saines d\u00e8s aujourd'hui<\/h2>\n\n\n\n<p class=\"has-text-align-center\" style=\"margin-top:16px\">D\u00e9couvrez comment graceDgrains peut transformer vos envies en gourmandises plus saines. Enfilez votre tablier et rejoignez-nous en cuisine pour d\u00e9couvrir et exp\u00e9rimenter nos astuces de p\u00e2tisserie et nos ingr\u00e9dients haut de gamme\u00a0!<\/p>\n\n\n\n<div class=\"wp-block-buttons is-content-justification-center is-layout-flex wp-container-core-buttons-is-layout-a89b3969 wp-block-buttons-is-layout-flex\">\n<div class=\"wp-block-button\"><a class=\"wp-block-button__link wp-element-button\" href=\"\/fr\/recipes\/\">Essayez nos recettes \u2013 prochainement !<\/a><\/div>\n\n\n\n<div class=\"wp-block-button\"><a class=\"wp-block-button__link wp-element-button\" href=\"https:\/\/gracedgrains.com\/fr\/workshops\/\">Workshops \u2013 prochainement !<\/a><\/div>\n<\/div>\n<\/div>\n<\/div>\n\n\n\n<div class=\"wp-block-columns alignwide is-layout-flex wp-container-core-columns-is-layout-28f84493 wp-block-columns-is-layout-flex\">\n<div class=\"wp-block-column is-layout-flow wp-container-core-column-is-layout-f5bb311e wp-block-column-is-layout-flow\">\n<figure class=\"wp-block-gallery has-nested-images columns-default is-cropped wp-block-gallery-3 is-layout-flex wp-block-gallery-is-layout-flex\">\n<figure class=\"wp-block-image aligncenter size-large ext-aspect-landscape extendify-image-import is-style-rounded\" style=\"margin-top:0;margin-right:var(--wp--preset--spacing--80);margin-bottom:0;margin-left:var(--wp--preset--spacing--80)\"><img loading=\"lazy\" decoding=\"async\" width=\"683\" height=\"1024\" data-id=\"72\" src=\"https:\/\/www.gracedgrains.com\/wp-content\/uploads\/2025\/03\/photo-1540660290370-8aa90e451e8a-683x1024.jpg\" alt=\"\" class=\"wp-image-72\" style=\"aspect-ratio:1;object-fit:cover\" srcset=\"https:\/\/gracedgrains.com\/wp-content\/uploads\/2025\/03\/photo-1540660290370-8aa90e451e8a-683x1024.jpg 683w, https:\/\/gracedgrains.com\/wp-content\/uploads\/2025\/03\/photo-1540660290370-8aa90e451e8a-200x300.jpg 200w, https:\/\/gracedgrains.com\/wp-content\/uploads\/2025\/03\/photo-1540660290370-8aa90e451e8a-768x1152.jpg 768w, https:\/\/gracedgrains.com\/wp-content\/uploads\/2025\/03\/photo-1540660290370-8aa90e451e8a-1024x1536.jpg 1024w, https:\/\/gracedgrains.com\/wp-content\/uploads\/2025\/03\/photo-1540660290370-8aa90e451e8a-600x900.jpg 600w, https:\/\/gracedgrains.com\/wp-content\/uploads\/2025\/03\/photo-1540660290370-8aa90e451e8a.jpg 1280w\" sizes=\"auto, (max-width: 683px) 100vw, 683px\" \/><\/figure>\n<\/figure>\n<\/div>\n<\/div>\n<\/div>","protected":false},"excerpt":{"rendered":"<p>Your Sweet Temptations, Healthier Welcome to graceDgrains, where we craft delicious and unique cakes, tarts, and cupcakes using high-quality grains. Perfect for any special occasion! First Choice Ingredients Low glycemic index, fresh and organic: this is the guarantee we deliver with each of our baked products. We also have options for gluten and lactose free [&hellip;]<\/p>\n","protected":false},"author":1,"featured_media":570,"parent":0,"menu_order":1,"comment_status":"closed","ping_status":"closed","template":"","meta":{"footnotes":""},"class_list":["post-48","page","type-page","status-publish","has-post-thumbnail","hentry"],"jetpack_sharing_enabled":true,"_links":{"self":[{"href":"https:\/\/gracedgrains.com\/fr\/wp-json\/wp\/v2\/pages\/48","targetHints":{"allow":["GET"]}}],"collection":[{"href":"https:\/\/gracedgrains.com\/fr\/wp-json\/wp\/v2\/pages"}],"about":[{"href":"https:\/\/gracedgrains.com\/fr\/wp-json\/wp\/v2\/types\/page"}],"author":[{"embeddable":true,"href":"https:\/\/gracedgrains.com\/fr\/wp-json\/wp\/v2\/users\/1"}],"replies":[{"embeddable":true,"href":"https:\/\/gracedgrains.com\/fr\/wp-json\/wp\/v2\/comments?post=48"}],"version-history":[{"count":51,"href":"https:\/\/gracedgrains.com\/fr\/wp-json\/wp\/v2\/pages\/48\/revisions"}],"predecessor-version":[{"id":612,"href":"https:\/\/gracedgrains.com\/fr\/wp-json\/wp\/v2\/pages\/48\/revisions\/612"}],"wp:featuredmedia":[{"embeddable":true,"href":"https:\/\/gracedgrains.com\/fr\/wp-json\/wp\/v2\/media\/570"}],"wp:attachment":[{"href":"https:\/\/gracedgrains.com\/fr\/wp-json\/wp\/v2\/media?parent=48"}],"curies":[{"name":"wp","href":"https:\/\/api.w.org\/{rel}","templated":true}]}}